




{"id":9,"date":"2019-10-27T18:19:32","date_gmt":"2019-10-27T17:19:32","guid":{"rendered":"https:\/\/pwkrzysztof.com.pl\/se\/?page_id=9"},"modified":"2019-12-03T21:12:59","modified_gmt":"2019-12-03T20:12:59","slug":"vi-erbjudande","status":"publish","type":"page","link":"https:\/\/pwkrzysztof.com.pl\/se\/vi-erbjudande\/","title":{"rendered":"Vi erbjudande"},"content":{"rendered":"","protected":false},"excerpt":{"rendered":"","protected":false},"author":1,"featured_media":0,"parent":0,"menu_order":0,"comment_status":"closed","ping_status":"closed","template":"page_oferta.php","meta":{"footnotes":""},"class_list":["post-9","page","type-page","status-publish","hentry"],"yoast_head":"<!-- This site is optimized with the Yoast SEO plugin v27.2 - https:\/\/yoast.com\/product\/yoast-seo-wordpress\/ -->\n<title>Vi erbjudande - PW KRZYSZTOF MILCARZ - produktion av raster reflektorer f\u00f6r belysningsarmaturer samt undertak och rastertak\/alumimnium, metal elements, LED panel.<\/title>\n<meta name=\"robots\" content=\"index, follow, max-snippet:-1, max-image-preview:large, max-video-preview:-1\" \/>\n<link rel=\"canonical\" href=\"https:\/\/pwkrzysztof.com.pl\/se\/vi-erbjudande\/\" \/>\n<meta property=\"og:locale\" content=\"sv_SE\" \/>\n<meta property=\"og:type\" content=\"article\" \/>\n<meta property=\"og:title\" content=\"Vi erbjudande - PW KRZYSZTOF MILCARZ - produktion av raster reflektorer f\u00f6r belysningsarmaturer samt undertak och rastertak\/alumimnium, metal elements, LED panel.\" \/>\n<meta property=\"og:url\" content=\"https:\/\/pwkrzysztof.com.pl\/se\/vi-erbjudande\/\" \/>\n<meta property=\"og:site_name\" content=\"PW KRZYSZTOF MILCARZ - produktion av raster reflektorer f\u00f6r belysningsarmaturer samt undertak och rastertak\/alumimnium, metal elements, LED panel.\" \/>\n<meta property=\"article:modified_time\" content=\"2019-12-03T20:12:59+00:00\" \/>\n<meta name=\"twitter:card\" content=\"summary_large_image\" \/>\n<script type=\"application\/ld+json\" class=\"yoast-schema-graph\">{\"@context\":\"https:\/\/schema.org\",\"@graph\":[{\"@type\":\"WebPage\",\"@id\":\"https:\/\/pwkrzysztof.com.pl\/se\/vi-erbjudande\/\",\"url\":\"https:\/\/pwkrzysztof.com.pl\/se\/vi-erbjudande\/\",\"name\":\"Vi erbjudande - PW KRZYSZTOF MILCARZ - produktion av raster reflektorer f\u00f6r belysningsarmaturer samt undertak och rastertak\/alumimnium, metal elements, LED panel.\",\"isPartOf\":{\"@id\":\"https:\/\/pwkrzysztof.com.pl\/se\/#website\"},\"datePublished\":\"2019-10-27T17:19:32+00:00\",\"dateModified\":\"2019-12-03T20:12:59+00:00\",\"breadcrumb\":{\"@id\":\"https:\/\/pwkrzysztof.com.pl\/se\/vi-erbjudande\/#breadcrumb\"},\"inLanguage\":\"sv-SE\",\"potentialAction\":[{\"@type\":\"ReadAction\",\"target\":[\"https:\/\/pwkrzysztof.com.pl\/se\/vi-erbjudande\/\"]}]},{\"@type\":\"BreadcrumbList\",\"@id\":\"https:\/\/pwkrzysztof.com.pl\/se\/vi-erbjudande\/#breadcrumb\",\"itemListElement\":[{\"@type\":\"ListItem\",\"position\":1,\"name\":\"Strona g\u0142\u00f3wna\",\"item\":\"https:\/\/pwkrzysztof.com.pl\/se\/\"},{\"@type\":\"ListItem\",\"position\":2,\"name\":\"Vi erbjudande\"}]},{\"@type\":\"WebSite\",\"@id\":\"https:\/\/pwkrzysztof.com.pl\/se\/#website\",\"url\":\"https:\/\/pwkrzysztof.com.pl\/se\/\",\"name\":\"PW KRZYSZTOF MILCARZ - produktion av raster reflektorer f\u00f6r belysningsarmaturer samt undertak och rastertak\/alumimnium, metal elements, LED panel.\",\"description\":\"F\u00f6retaget PW KRZYSZTOF MILCARZ \u00e4r huvudsakligen specialiserat p\u00e5 produktion av aluminiumbel\u00e4ggningar, linj\u00e4ra och fyrkantiga reflektorer f\u00f6r belysning, alugrider f\u00f6r \u00f6ppna celltak och m\u00f6jliga andra typer av delar som kan tillverkas av aluminium- eller mjukst\u00e5lbearbetning.\",\"potentialAction\":[{\"@type\":\"SearchAction\",\"target\":{\"@type\":\"EntryPoint\",\"urlTemplate\":\"https:\/\/pwkrzysztof.com.pl\/se\/?s={search_term_string}\"},\"query-input\":{\"@type\":\"PropertyValueSpecification\",\"valueRequired\":true,\"valueName\":\"search_term_string\"}}],\"inLanguage\":\"sv-SE\"}]}<\/script>\n<!-- \/ Yoast SEO plugin. -->","yoast_head_json":{"title":"Vi erbjudande - PW KRZYSZTOF MILCARZ - produktion av raster reflektorer f\u00f6r belysningsarmaturer samt undertak och rastertak\/alumimnium, metal elements, LED panel.","robots":{"index":"index","follow":"follow","max-snippet":"max-snippet:-1","max-image-preview":"max-image-preview:large","max-video-preview":"max-video-preview:-1"},"canonical":"https:\/\/pwkrzysztof.com.pl\/se\/vi-erbjudande\/","og_locale":"sv_SE","og_type":"article","og_title":"Vi erbjudande - PW KRZYSZTOF MILCARZ - produktion av raster reflektorer f\u00f6r belysningsarmaturer samt undertak och rastertak\/alumimnium, metal elements, LED panel.","og_url":"https:\/\/pwkrzysztof.com.pl\/se\/vi-erbjudande\/","og_site_name":"PW KRZYSZTOF MILCARZ - produktion av raster reflektorer f\u00f6r belysningsarmaturer samt undertak och rastertak\/alumimnium, metal elements, LED panel.","article_modified_time":"2019-12-03T20:12:59+00:00","twitter_card":"summary_large_image","schema":{"@context":"https:\/\/schema.org","@graph":[{"@type":"WebPage","@id":"https:\/\/pwkrzysztof.com.pl\/se\/vi-erbjudande\/","url":"https:\/\/pwkrzysztof.com.pl\/se\/vi-erbjudande\/","name":"Vi erbjudande - PW KRZYSZTOF MILCARZ - produktion av raster reflektorer f\u00f6r belysningsarmaturer samt undertak och rastertak\/alumimnium, metal elements, LED panel.","isPartOf":{"@id":"https:\/\/pwkrzysztof.com.pl\/se\/#website"},"datePublished":"2019-10-27T17:19:32+00:00","dateModified":"2019-12-03T20:12:59+00:00","breadcrumb":{"@id":"https:\/\/pwkrzysztof.com.pl\/se\/vi-erbjudande\/#breadcrumb"},"inLanguage":"sv-SE","potentialAction":[{"@type":"ReadAction","target":["https:\/\/pwkrzysztof.com.pl\/se\/vi-erbjudande\/"]}]},{"@type":"BreadcrumbList","@id":"https:\/\/pwkrzysztof.com.pl\/se\/vi-erbjudande\/#breadcrumb","itemListElement":[{"@type":"ListItem","position":1,"name":"Strona g\u0142\u00f3wna","item":"https:\/\/pwkrzysztof.com.pl\/se\/"},{"@type":"ListItem","position":2,"name":"Vi erbjudande"}]},{"@type":"WebSite","@id":"https:\/\/pwkrzysztof.com.pl\/se\/#website","url":"https:\/\/pwkrzysztof.com.pl\/se\/","name":"PW KRZYSZTOF MILCARZ - produktion av raster reflektorer f\u00f6r belysningsarmaturer samt undertak och rastertak\/alumimnium, metal elements, LED panel.","description":"F\u00f6retaget PW KRZYSZTOF MILCARZ \u00e4r huvudsakligen specialiserat p\u00e5 produktion av aluminiumbel\u00e4ggningar, linj\u00e4ra och fyrkantiga reflektorer f\u00f6r belysning, alugrider f\u00f6r \u00f6ppna celltak och m\u00f6jliga andra typer av delar som kan tillverkas av aluminium- eller mjukst\u00e5lbearbetning.","potentialAction":[{"@type":"SearchAction","target":{"@type":"EntryPoint","urlTemplate":"https:\/\/pwkrzysztof.com.pl\/se\/?s={search_term_string}"},"query-input":{"@type":"PropertyValueSpecification","valueRequired":true,"valueName":"search_term_string"}}],"inLanguage":"sv-SE"}]}},"_links":{"self":[{"href":"https:\/\/pwkrzysztof.com.pl\/se\/wp-json\/wp\/v2\/pages\/9","targetHints":{"allow":["GET"]}}],"collection":[{"href":"https:\/\/pwkrzysztof.com.pl\/se\/wp-json\/wp\/v2\/pages"}],"about":[{"href":"https:\/\/pwkrzysztof.com.pl\/se\/wp-json\/wp\/v2\/types\/page"}],"author":[{"embeddable":true,"href":"https:\/\/pwkrzysztof.com.pl\/se\/wp-json\/wp\/v2\/users\/1"}],"replies":[{"embeddable":true,"href":"https:\/\/pwkrzysztof.com.pl\/se\/wp-json\/wp\/v2\/comments?post=9"}],"version-history":[{"count":1,"href":"https:\/\/pwkrzysztof.com.pl\/se\/wp-json\/wp\/v2\/pages\/9\/revisions"}],"predecessor-version":[{"id":10,"href":"https:\/\/pwkrzysztof.com.pl\/se\/wp-json\/wp\/v2\/pages\/9\/revisions\/10"}],"wp:attachment":[{"href":"https:\/\/pwkrzysztof.com.pl\/se\/wp-json\/wp\/v2\/media?parent=9"}],"curies":[{"name":"wp","href":"https:\/\/api.w.org\/{rel}","templated":true}]}}