




{"id":598,"date":"2019-01-23T19:15:11","date_gmt":"2019-01-23T18:15:11","guid":{"rendered":"https:\/\/pwkrzysztof.com.pl\/se\/?page_id=598"},"modified":"2023-01-23T19:31:41","modified_gmt":"2023-01-23T18:31:41","slug":"cob-reflectors","status":"publish","type":"page","link":"https:\/\/pwkrzysztof.com.pl\/se\/vi-erbjudande\/cob-reflectors\/","title":{"rendered":"COB Reflectors"},"content":{"rendered":"<p>Aluminium reflectors designed for track- and downlight luminaires with COB light source.<\/p>\n<p>Made as assembled component from drawn segments made of pre-anodisied aluminium that allows to maintain high repeatibility and top efficiency.<\/p>\n<p>Can be modified to be compatible with different luminaire sizes, LES , light curves and holders.<\/p>\n<p><a href=\"https:\/\/pwkrzysztof.com.pl\/se\/wp-content\/uploads\/sites\/4\/COB_reflectors.pdf\" target=\"_blank\" rel=\"noopener noreferrer\"><img loading=\"lazy\" decoding=\"async\" class=\"alignnone size-full wp-image-165\" src=\"https:\/\/pwkrzysztof.com.pl\/wp-content\/uploads\/2019\/11\/ikona_pdf.png\" alt=\"\" width=\"80\" height=\"110\" \/><\/a>Technical Specifications<\/p>\n","protected":false},"excerpt":{"rendered":"<p>Aluminium reflectors designed for track- and downlight luminaires with COB [&hellip;]<\/p>\n","protected":false},"author":1,"featured_media":604,"parent":9,"menu_order":0,"comment_status":"closed","ping_status":"closed","template":"page_7.php","meta":{"footnotes":""},"class_list":["post-598","page","type-page","status-publish","has-post-thumbnail","hentry"],"yoast_head":"<!-- This site is optimized with the Yoast SEO plugin v27.2 - https:\/\/yoast.com\/product\/yoast-seo-wordpress\/ -->\n<title>COB Reflectors - PW KRZYSZTOF MILCARZ - produktion av raster reflektorer f\u00f6r belysningsarmaturer samt undertak och rastertak\/alumimnium, metal elements, LED panel.<\/title>\n<meta name=\"robots\" content=\"index, follow, max-snippet:-1, max-image-preview:large, max-video-preview:-1\" \/>\n<link rel=\"canonical\" href=\"https:\/\/pwkrzysztof.com.pl\/se\/vi-erbjudande\/cob-reflectors\/\" \/>\n<meta property=\"og:locale\" content=\"sv_SE\" \/>\n<meta property=\"og:type\" content=\"article\" \/>\n<meta property=\"og:title\" content=\"COB Reflectors - PW KRZYSZTOF MILCARZ - produktion av raster reflektorer f\u00f6r belysningsarmaturer samt undertak och rastertak\/alumimnium, metal elements, LED panel.\" \/>\n<meta property=\"og:description\" content=\"Aluminium reflectors designed for track- and downlight luminaires with COB [&hellip;]\" \/>\n<meta property=\"og:url\" content=\"https:\/\/pwkrzysztof.com.pl\/se\/vi-erbjudande\/cob-reflectors\/\" \/>\n<meta property=\"og:site_name\" content=\"PW KRZYSZTOF MILCARZ - produktion av raster reflektorer f\u00f6r belysningsarmaturer samt undertak och rastertak\/alumimnium, metal elements, LED panel.\" \/>\n<meta property=\"article:modified_time\" content=\"2023-01-23T18:31:41+00:00\" \/>\n<meta property=\"og:image\" content=\"https:\/\/pwkrzysztof.com.pl\/se\/wp-content\/uploads\/sites\/4\/reflektorki-cob-m.jpg\" \/>\n\t<meta property=\"og:image:width\" content=\"300\" \/>\n\t<meta property=\"og:image:height\" content=\"225\" \/>\n\t<meta property=\"og:image:type\" content=\"image\/jpeg\" \/>\n<meta name=\"twitter:card\" content=\"summary_large_image\" \/>\n<script type=\"application\/ld+json\" class=\"yoast-schema-graph\">{\"@context\":\"https:\/\/schema.org\",\"@graph\":[{\"@type\":\"WebPage\",\"@id\":\"https:\/\/pwkrzysztof.com.pl\/se\/vi-erbjudande\/cob-reflectors\/\",\"url\":\"https:\/\/pwkrzysztof.com.pl\/se\/vi-erbjudande\/cob-reflectors\/\",\"name\":\"COB Reflectors - PW KRZYSZTOF MILCARZ - produktion av raster reflektorer f\u00f6r belysningsarmaturer samt undertak och rastertak\/alumimnium, metal elements, LED panel.\",\"isPartOf\":{\"@id\":\"https:\/\/pwkrzysztof.com.pl\/se\/#website\"},\"primaryImageOfPage\":{\"@id\":\"https:\/\/pwkrzysztof.com.pl\/se\/vi-erbjudande\/cob-reflectors\/#primaryimage\"},\"image\":{\"@id\":\"https:\/\/pwkrzysztof.com.pl\/se\/vi-erbjudande\/cob-reflectors\/#primaryimage\"},\"thumbnailUrl\":\"https:\/\/pwkrzysztof.com.pl\/se\/wp-content\/uploads\/sites\/4\/reflektorki-cob-m.jpg\",\"datePublished\":\"2019-01-23T18:15:11+00:00\",\"dateModified\":\"2023-01-23T18:31:41+00:00\",\"breadcrumb\":{\"@id\":\"https:\/\/pwkrzysztof.com.pl\/se\/vi-erbjudande\/cob-reflectors\/#breadcrumb\"},\"inLanguage\":\"sv-SE\",\"potentialAction\":[{\"@type\":\"ReadAction\",\"target\":[\"https:\/\/pwkrzysztof.com.pl\/se\/vi-erbjudande\/cob-reflectors\/\"]}]},{\"@type\":\"ImageObject\",\"inLanguage\":\"sv-SE\",\"@id\":\"https:\/\/pwkrzysztof.com.pl\/se\/vi-erbjudande\/cob-reflectors\/#primaryimage\",\"url\":\"https:\/\/pwkrzysztof.com.pl\/se\/wp-content\/uploads\/sites\/4\/reflektorki-cob-m.jpg\",\"contentUrl\":\"https:\/\/pwkrzysztof.com.pl\/se\/wp-content\/uploads\/sites\/4\/reflektorki-cob-m.jpg\",\"width\":300,\"height\":225},{\"@type\":\"BreadcrumbList\",\"@id\":\"https:\/\/pwkrzysztof.com.pl\/se\/vi-erbjudande\/cob-reflectors\/#breadcrumb\",\"itemListElement\":[{\"@type\":\"ListItem\",\"position\":1,\"name\":\"Strona g\u0142\u00f3wna\",\"item\":\"https:\/\/pwkrzysztof.com.pl\/se\/\"},{\"@type\":\"ListItem\",\"position\":2,\"name\":\"Vi erbjudande\",\"item\":\"https:\/\/pwkrzysztof.com.pl\/se\/vi-erbjudande\/\"},{\"@type\":\"ListItem\",\"position\":3,\"name\":\"COB Reflectors\"}]},{\"@type\":\"WebSite\",\"@id\":\"https:\/\/pwkrzysztof.com.pl\/se\/#website\",\"url\":\"https:\/\/pwkrzysztof.com.pl\/se\/\",\"name\":\"PW KRZYSZTOF MILCARZ - produktion av raster reflektorer f\u00f6r belysningsarmaturer samt undertak och rastertak\/alumimnium, metal elements, LED panel.\",\"description\":\"F\u00f6retaget PW KRZYSZTOF MILCARZ \u00e4r huvudsakligen specialiserat p\u00e5 produktion av aluminiumbel\u00e4ggningar, linj\u00e4ra och fyrkantiga reflektorer f\u00f6r belysning, alugrider f\u00f6r \u00f6ppna celltak och m\u00f6jliga andra typer av delar som kan tillverkas av aluminium- eller mjukst\u00e5lbearbetning.\",\"potentialAction\":[{\"@type\":\"SearchAction\",\"target\":{\"@type\":\"EntryPoint\",\"urlTemplate\":\"https:\/\/pwkrzysztof.com.pl\/se\/?s={search_term_string}\"},\"query-input\":{\"@type\":\"PropertyValueSpecification\",\"valueRequired\":true,\"valueName\":\"search_term_string\"}}],\"inLanguage\":\"sv-SE\"}]}<\/script>\n<!-- \/ Yoast SEO plugin. -->","yoast_head_json":{"title":"COB Reflectors - PW KRZYSZTOF MILCARZ - produktion av raster reflektorer f\u00f6r belysningsarmaturer samt undertak och rastertak\/alumimnium, metal elements, LED panel.","robots":{"index":"index","follow":"follow","max-snippet":"max-snippet:-1","max-image-preview":"max-image-preview:large","max-video-preview":"max-video-preview:-1"},"canonical":"https:\/\/pwkrzysztof.com.pl\/se\/vi-erbjudande\/cob-reflectors\/","og_locale":"sv_SE","og_type":"article","og_title":"COB Reflectors - PW KRZYSZTOF MILCARZ - produktion av raster reflektorer f\u00f6r belysningsarmaturer samt undertak och rastertak\/alumimnium, metal elements, LED panel.","og_description":"Aluminium reflectors designed for track- and downlight luminaires with COB [&hellip;]","og_url":"https:\/\/pwkrzysztof.com.pl\/se\/vi-erbjudande\/cob-reflectors\/","og_site_name":"PW KRZYSZTOF MILCARZ - produktion av raster reflektorer f\u00f6r belysningsarmaturer samt undertak och rastertak\/alumimnium, metal elements, LED panel.","article_modified_time":"2023-01-23T18:31:41+00:00","og_image":[{"width":300,"height":225,"url":"https:\/\/pwkrzysztof.com.pl\/se\/wp-content\/uploads\/sites\/4\/reflektorki-cob-m.jpg","type":"image\/jpeg"}],"twitter_card":"summary_large_image","schema":{"@context":"https:\/\/schema.org","@graph":[{"@type":"WebPage","@id":"https:\/\/pwkrzysztof.com.pl\/se\/vi-erbjudande\/cob-reflectors\/","url":"https:\/\/pwkrzysztof.com.pl\/se\/vi-erbjudande\/cob-reflectors\/","name":"COB Reflectors - PW KRZYSZTOF MILCARZ - produktion av raster reflektorer f\u00f6r belysningsarmaturer samt undertak och rastertak\/alumimnium, metal elements, LED panel.","isPartOf":{"@id":"https:\/\/pwkrzysztof.com.pl\/se\/#website"},"primaryImageOfPage":{"@id":"https:\/\/pwkrzysztof.com.pl\/se\/vi-erbjudande\/cob-reflectors\/#primaryimage"},"image":{"@id":"https:\/\/pwkrzysztof.com.pl\/se\/vi-erbjudande\/cob-reflectors\/#primaryimage"},"thumbnailUrl":"https:\/\/pwkrzysztof.com.pl\/se\/wp-content\/uploads\/sites\/4\/reflektorki-cob-m.jpg","datePublished":"2019-01-23T18:15:11+00:00","dateModified":"2023-01-23T18:31:41+00:00","breadcrumb":{"@id":"https:\/\/pwkrzysztof.com.pl\/se\/vi-erbjudande\/cob-reflectors\/#breadcrumb"},"inLanguage":"sv-SE","potentialAction":[{"@type":"ReadAction","target":["https:\/\/pwkrzysztof.com.pl\/se\/vi-erbjudande\/cob-reflectors\/"]}]},{"@type":"ImageObject","inLanguage":"sv-SE","@id":"https:\/\/pwkrzysztof.com.pl\/se\/vi-erbjudande\/cob-reflectors\/#primaryimage","url":"https:\/\/pwkrzysztof.com.pl\/se\/wp-content\/uploads\/sites\/4\/reflektorki-cob-m.jpg","contentUrl":"https:\/\/pwkrzysztof.com.pl\/se\/wp-content\/uploads\/sites\/4\/reflektorki-cob-m.jpg","width":300,"height":225},{"@type":"BreadcrumbList","@id":"https:\/\/pwkrzysztof.com.pl\/se\/vi-erbjudande\/cob-reflectors\/#breadcrumb","itemListElement":[{"@type":"ListItem","position":1,"name":"Strona g\u0142\u00f3wna","item":"https:\/\/pwkrzysztof.com.pl\/se\/"},{"@type":"ListItem","position":2,"name":"Vi erbjudande","item":"https:\/\/pwkrzysztof.com.pl\/se\/vi-erbjudande\/"},{"@type":"ListItem","position":3,"name":"COB Reflectors"}]},{"@type":"WebSite","@id":"https:\/\/pwkrzysztof.com.pl\/se\/#website","url":"https:\/\/pwkrzysztof.com.pl\/se\/","name":"PW KRZYSZTOF MILCARZ - produktion av raster reflektorer f\u00f6r belysningsarmaturer samt undertak och rastertak\/alumimnium, metal elements, LED panel.","description":"F\u00f6retaget PW KRZYSZTOF MILCARZ \u00e4r huvudsakligen specialiserat p\u00e5 produktion av aluminiumbel\u00e4ggningar, linj\u00e4ra och fyrkantiga reflektorer f\u00f6r belysning, alugrider f\u00f6r \u00f6ppna celltak och m\u00f6jliga andra typer av delar som kan tillverkas av aluminium- eller mjukst\u00e5lbearbetning.","potentialAction":[{"@type":"SearchAction","target":{"@type":"EntryPoint","urlTemplate":"https:\/\/pwkrzysztof.com.pl\/se\/?s={search_term_string}"},"query-input":{"@type":"PropertyValueSpecification","valueRequired":true,"valueName":"search_term_string"}}],"inLanguage":"sv-SE"}]}},"_links":{"self":[{"href":"https:\/\/pwkrzysztof.com.pl\/se\/wp-json\/wp\/v2\/pages\/598","targetHints":{"allow":["GET"]}}],"collection":[{"href":"https:\/\/pwkrzysztof.com.pl\/se\/wp-json\/wp\/v2\/pages"}],"about":[{"href":"https:\/\/pwkrzysztof.com.pl\/se\/wp-json\/wp\/v2\/types\/page"}],"author":[{"embeddable":true,"href":"https:\/\/pwkrzysztof.com.pl\/se\/wp-json\/wp\/v2\/users\/1"}],"replies":[{"embeddable":true,"href":"https:\/\/pwkrzysztof.com.pl\/se\/wp-json\/wp\/v2\/comments?post=598"}],"version-history":[{"count":2,"href":"https:\/\/pwkrzysztof.com.pl\/se\/wp-json\/wp\/v2\/pages\/598\/revisions"}],"predecessor-version":[{"id":605,"href":"https:\/\/pwkrzysztof.com.pl\/se\/wp-json\/wp\/v2\/pages\/598\/revisions\/605"}],"up":[{"embeddable":true,"href":"https:\/\/pwkrzysztof.com.pl\/se\/wp-json\/wp\/v2\/pages\/9"}],"wp:featuredmedia":[{"embeddable":true,"href":"https:\/\/pwkrzysztof.com.pl\/se\/wp-json\/wp\/v2\/media\/604"}],"wp:attachment":[{"href":"https:\/\/pwkrzysztof.com.pl\/se\/wp-json\/wp\/v2\/media?parent=598"}],"curies":[{"name":"wp","href":"https:\/\/api.w.org\/{rel}","templated":true}]}}