




{"id":147,"date":"2019-11-26T06:43:51","date_gmt":"2019-11-26T05:43:51","guid":{"rendered":"https:\/\/pwkrzysztof.com.pl\/se\/?page_id=147"},"modified":"2020-01-14T23:15:41","modified_gmt":"2020-01-14T22:15:41","slug":"saturn-t-system","status":"publish","type":"page","link":"https:\/\/pwkrzysztof.com.pl\/se\/vi-erbjudande\/rastertak-undertak\/saturn-t-system\/","title":{"rendered":"Saturn-T system"},"content":{"rendered":"<div class=\"sliderlewy\"><div id=\"metaslider-id-78\" style=\"width: 100%; margin: 0 auto;\" class=\"ml-slider-3-106-0 metaslider metaslider-flex metaslider-78 ml-slider ms-theme-default nav-hidden\" role=\"region\" aria-label=\"Sufity rastrowe Saturn-T\" data-height=\"533\" data-width=\"800\">\n    <div id=\"metaslider_container_78\">\n        <div id=\"metaslider_78\">\n            <ul class='slides'>\n                <li style=\"display: block; width: 100%;\" class=\"slide-502 ms-image \" aria-roledescription=\"slide\" data-date=\"2019-12-13 08:48:22\" data-filename=\"2015112790212Saturn-Tbezramki1.jpg\" data-slide-type=\"image\"><img loading=\"lazy\" decoding=\"async\" src=\"https:\/\/pwkrzysztof.com.pl\/se\/wp-content\/uploads\/sites\/4\/2015112790212Saturn-Tbezramki1.jpg\" height=\"533\" width=\"800\" alt=\"\" class=\"slider-78 slide-502 msDefaultImage\" title=\"2015112790212Saturn-Tbezramki1\" \/><\/li>\n                <li style=\"display: none; width: 100%;\" class=\"slide-501 ms-image \" aria-roledescription=\"slide\" data-date=\"2019-12-13 08:48:22\" data-filename=\"20151130122023Saturn-Tsystem-750x499.jpg\" data-slide-type=\"image\"><img loading=\"lazy\" decoding=\"async\" src=\"https:\/\/pwkrzysztof.com.pl\/se\/wp-content\/uploads\/sites\/4\/20151130122023Saturn-Tsystem-750x499.jpg\" height=\"533\" width=\"800\" alt=\"\" class=\"slider-78 slide-501 msDefaultImage\" title=\"20151130122023Saturn-Tsystem\" \/><\/li>\n                <li style=\"display: none; width: 100%;\" class=\"slide-500 ms-image \" aria-roledescription=\"slide\" data-date=\"2019-12-13 08:48:22\" data-filename=\"20151127154456Saturn-T-2-750x499.jpg\" data-slide-type=\"image\"><img loading=\"lazy\" decoding=\"async\" src=\"https:\/\/pwkrzysztof.com.pl\/se\/wp-content\/uploads\/sites\/4\/20151127154456Saturn-T-2-750x499.jpg\" height=\"533\" width=\"800\" alt=\"\" class=\"slider-78 slide-500 msDefaultImage\" title=\"20151127154456Saturn-T-2\" \/><\/li>\n                <li style=\"display: none; width: 100%;\" class=\"slide-570 ms-image \" aria-roledescription=\"slide\" data-date=\"2020-01-14 11:36:12\" data-filename=\"2015121145707Saturn-tsufitzramka-750x499.jpg\" data-slide-type=\"image\"><img loading=\"lazy\" decoding=\"async\" src=\"https:\/\/pwkrzysztof.com.pl\/se\/wp-content\/uploads\/sites\/4\/2015121145707Saturn-tsufitzramka-750x499.jpg\" height=\"533\" width=\"800\" alt=\"\" class=\"slider-78 slide-570 msDefaultImage\" title=\"2015121145707Saturn-tsufitzramka\" \/><\/li>\n            <\/ul>\n        <\/div>\n        \n    <\/div>\n<\/div><\/div>\n<div class=\"infoprawe\">\n<div class=\"tytofertyall\">system SATURN-T<\/div>\n<p>Aluminium louver&#8217;s\/grids\/panels for open-cell ceilings, designed for mounting on standard construction using suspension T15\/T24 profiles.<\/p>\n<p>Available in any module and cell dimensions (standard module 600x600mm \/ 1200&#215;600 &#8211; cell size from 50 to 200 mm), provides the possibility of obtaining different configurations depending on the requirements for open surface, permeability of the ceiling surface for light, smoke, masking the installation and the appearance of the ceiling, etc.<\/p>\n<p>Available in version &#8221;with perimeter frame&#8221; for visual concealment of the supporting structure, or without perimeter frame.<br \/>\nEasy to be mounted and dismounted for easy access to the installations.<\/p>\n<p>Product available on order-request, in standard colors:<br \/>\n&#8211; white RAL9016 matt<br \/>\n&#8211; grey silver RAL9006 matt<br \/>\n&#8211; black RAL9011 matt<\/p>\n<p>Other colors to be checked on request and obtainable on order.<\/p>\n<p>Typical open-cell ceilings application areas:<br \/>\n&#8211; office buildings<br \/>\n&#8211; shopping, market facilities<br \/>\n&#8211; public buildings<br \/>\n&#8211; halls<br \/>\n&#8211; corridors<\/p>\n<div class=\"specyf\">\n<div class=\"specyfin\"><a href=\"https:\/\/pwkrzysztof.com.pl\/se\/wp-content\/uploads\/sites\/4\/system-Saturn-T-en.pdf\" target=\"_blank\" rel=\"noopener noreferrer\"><img loading=\"lazy\" decoding=\"async\" class=\"alignnone size-full wp-image-165\" src=\"https:\/\/pwkrzysztof.com.pl\/wp-content\/uploads\/2019\/11\/ikona_pdf.png\" alt=\"\" width=\"80\" height=\"110\" \/><\/a>Technical Specifications<\/div>\n<\/div>\n<\/div>\n","protected":false},"excerpt":{"rendered":"<p>system SATURN-T Aluminium louver&#8217;s\/grids\/panels for open-cell ceilings, designed for mounting [&hellip;]<\/p>\n","protected":false},"author":1,"featured_media":0,"parent":143,"menu_order":0,"comment_status":"closed","ping_status":"closed","template":"page_6.php","meta":{"footnotes":""},"class_list":["post-147","page","type-page","status-publish","hentry"],"yoast_head":"<!-- This site is optimized with the Yoast SEO plugin v27.2 - https:\/\/yoast.com\/product\/yoast-seo-wordpress\/ -->\n<title>Saturn-T system - PW KRZYSZTOF MILCARZ - produktion av raster reflektorer f\u00f6r belysningsarmaturer samt undertak och rastertak\/alumimnium, metal elements, LED panel.<\/title>\n<meta name=\"robots\" content=\"index, follow, max-snippet:-1, max-image-preview:large, max-video-preview:-1\" \/>\n<link rel=\"canonical\" href=\"https:\/\/pwkrzysztof.com.pl\/se\/vi-erbjudande\/rastertak-undertak\/saturn-t-system\/\" \/>\n<meta property=\"og:locale\" content=\"sv_SE\" \/>\n<meta property=\"og:type\" content=\"article\" \/>\n<meta property=\"og:title\" content=\"Saturn-T system - PW KRZYSZTOF MILCARZ - produktion av raster reflektorer f\u00f6r belysningsarmaturer samt undertak och rastertak\/alumimnium, metal elements, LED panel.\" \/>\n<meta property=\"og:description\" content=\"system SATURN-T Aluminium louver&#8217;s\/grids\/panels for open-cell ceilings, designed for mounting [&hellip;]\" \/>\n<meta property=\"og:url\" content=\"https:\/\/pwkrzysztof.com.pl\/se\/vi-erbjudande\/rastertak-undertak\/saturn-t-system\/\" \/>\n<meta property=\"og:site_name\" content=\"PW KRZYSZTOF MILCARZ - produktion av raster reflektorer f\u00f6r belysningsarmaturer samt undertak och rastertak\/alumimnium, metal elements, LED panel.\" \/>\n<meta property=\"article:modified_time\" content=\"2020-01-14T22:15:41+00:00\" \/>\n<meta property=\"og:image\" content=\"https:\/\/pwkrzysztof.com.pl\/wp-content\/uploads\/2019\/11\/ikona_pdf.png\" \/>\n<meta name=\"twitter:card\" content=\"summary_large_image\" \/>\n<meta name=\"twitter:label1\" content=\"Ber\u00e4knad l\u00e4stid\" \/>\n\t<meta name=\"twitter:data1\" content=\"1 minut\" \/>\n<script type=\"application\/ld+json\" class=\"yoast-schema-graph\">{\"@context\":\"https:\/\/schema.org\",\"@graph\":[{\"@type\":\"WebPage\",\"@id\":\"https:\/\/pwkrzysztof.com.pl\/se\/vi-erbjudande\/rastertak-undertak\/saturn-t-system\/\",\"url\":\"https:\/\/pwkrzysztof.com.pl\/se\/vi-erbjudande\/rastertak-undertak\/saturn-t-system\/\",\"name\":\"Saturn-T system - PW KRZYSZTOF MILCARZ - produktion av raster reflektorer f\u00f6r belysningsarmaturer samt undertak och rastertak\/alumimnium, metal elements, LED panel.\",\"isPartOf\":{\"@id\":\"https:\/\/pwkrzysztof.com.pl\/se\/#website\"},\"primaryImageOfPage\":{\"@id\":\"https:\/\/pwkrzysztof.com.pl\/se\/vi-erbjudande\/rastertak-undertak\/saturn-t-system\/#primaryimage\"},\"image\":{\"@id\":\"https:\/\/pwkrzysztof.com.pl\/se\/vi-erbjudande\/rastertak-undertak\/saturn-t-system\/#primaryimage\"},\"thumbnailUrl\":\"https:\/\/pwkrzysztof.com.pl\/wp-content\/uploads\/2019\/11\/ikona_pdf.png\",\"datePublished\":\"2019-11-26T05:43:51+00:00\",\"dateModified\":\"2020-01-14T22:15:41+00:00\",\"breadcrumb\":{\"@id\":\"https:\/\/pwkrzysztof.com.pl\/se\/vi-erbjudande\/rastertak-undertak\/saturn-t-system\/#breadcrumb\"},\"inLanguage\":\"sv-SE\",\"potentialAction\":[{\"@type\":\"ReadAction\",\"target\":[\"https:\/\/pwkrzysztof.com.pl\/se\/vi-erbjudande\/rastertak-undertak\/saturn-t-system\/\"]}]},{\"@type\":\"ImageObject\",\"inLanguage\":\"sv-SE\",\"@id\":\"https:\/\/pwkrzysztof.com.pl\/se\/vi-erbjudande\/rastertak-undertak\/saturn-t-system\/#primaryimage\",\"url\":\"https:\/\/pwkrzysztof.com.pl\/wp-content\/uploads\/2019\/11\/ikona_pdf.png\",\"contentUrl\":\"https:\/\/pwkrzysztof.com.pl\/wp-content\/uploads\/2019\/11\/ikona_pdf.png\"},{\"@type\":\"BreadcrumbList\",\"@id\":\"https:\/\/pwkrzysztof.com.pl\/se\/vi-erbjudande\/rastertak-undertak\/saturn-t-system\/#breadcrumb\",\"itemListElement\":[{\"@type\":\"ListItem\",\"position\":1,\"name\":\"Strona g\u0142\u00f3wna\",\"item\":\"https:\/\/pwkrzysztof.com.pl\/se\/\"},{\"@type\":\"ListItem\",\"position\":2,\"name\":\"Vi erbjudande\",\"item\":\"https:\/\/pwkrzysztof.com.pl\/se\/vi-erbjudande\/\"},{\"@type\":\"ListItem\",\"position\":3,\"name\":\"Rastertak undertak\",\"item\":\"https:\/\/pwkrzysztof.com.pl\/se\/vi-erbjudande\/rastertak-undertak\/\"},{\"@type\":\"ListItem\",\"position\":4,\"name\":\"Saturn-T system\"}]},{\"@type\":\"WebSite\",\"@id\":\"https:\/\/pwkrzysztof.com.pl\/se\/#website\",\"url\":\"https:\/\/pwkrzysztof.com.pl\/se\/\",\"name\":\"PW KRZYSZTOF MILCARZ - produktion av raster reflektorer f\u00f6r belysningsarmaturer samt undertak och rastertak\/alumimnium, metal elements, LED panel.\",\"description\":\"F\u00f6retaget PW KRZYSZTOF MILCARZ \u00e4r huvudsakligen specialiserat p\u00e5 produktion av aluminiumbel\u00e4ggningar, linj\u00e4ra och fyrkantiga reflektorer f\u00f6r belysning, alugrider f\u00f6r \u00f6ppna celltak och m\u00f6jliga andra typer av delar som kan tillverkas av aluminium- eller mjukst\u00e5lbearbetning.\",\"potentialAction\":[{\"@type\":\"SearchAction\",\"target\":{\"@type\":\"EntryPoint\",\"urlTemplate\":\"https:\/\/pwkrzysztof.com.pl\/se\/?s={search_term_string}\"},\"query-input\":{\"@type\":\"PropertyValueSpecification\",\"valueRequired\":true,\"valueName\":\"search_term_string\"}}],\"inLanguage\":\"sv-SE\"}]}<\/script>\n<!-- \/ Yoast SEO plugin. -->","yoast_head_json":{"title":"Saturn-T system - PW KRZYSZTOF MILCARZ - produktion av raster reflektorer f\u00f6r belysningsarmaturer samt undertak och rastertak\/alumimnium, metal elements, LED panel.","robots":{"index":"index","follow":"follow","max-snippet":"max-snippet:-1","max-image-preview":"max-image-preview:large","max-video-preview":"max-video-preview:-1"},"canonical":"https:\/\/pwkrzysztof.com.pl\/se\/vi-erbjudande\/rastertak-undertak\/saturn-t-system\/","og_locale":"sv_SE","og_type":"article","og_title":"Saturn-T system - PW KRZYSZTOF MILCARZ - produktion av raster reflektorer f\u00f6r belysningsarmaturer samt undertak och rastertak\/alumimnium, metal elements, LED panel.","og_description":"system SATURN-T Aluminium louver&#8217;s\/grids\/panels for open-cell ceilings, designed for mounting [&hellip;]","og_url":"https:\/\/pwkrzysztof.com.pl\/se\/vi-erbjudande\/rastertak-undertak\/saturn-t-system\/","og_site_name":"PW KRZYSZTOF MILCARZ - produktion av raster reflektorer f\u00f6r belysningsarmaturer samt undertak och rastertak\/alumimnium, metal elements, LED panel.","article_modified_time":"2020-01-14T22:15:41+00:00","og_image":[{"url":"https:\/\/pwkrzysztof.com.pl\/wp-content\/uploads\/2019\/11\/ikona_pdf.png","type":"","width":"","height":""}],"twitter_card":"summary_large_image","twitter_misc":{"Ber\u00e4knad l\u00e4stid":"1 minut"},"schema":{"@context":"https:\/\/schema.org","@graph":[{"@type":"WebPage","@id":"https:\/\/pwkrzysztof.com.pl\/se\/vi-erbjudande\/rastertak-undertak\/saturn-t-system\/","url":"https:\/\/pwkrzysztof.com.pl\/se\/vi-erbjudande\/rastertak-undertak\/saturn-t-system\/","name":"Saturn-T system - PW KRZYSZTOF MILCARZ - produktion av raster reflektorer f\u00f6r belysningsarmaturer samt undertak och rastertak\/alumimnium, metal elements, LED panel.","isPartOf":{"@id":"https:\/\/pwkrzysztof.com.pl\/se\/#website"},"primaryImageOfPage":{"@id":"https:\/\/pwkrzysztof.com.pl\/se\/vi-erbjudande\/rastertak-undertak\/saturn-t-system\/#primaryimage"},"image":{"@id":"https:\/\/pwkrzysztof.com.pl\/se\/vi-erbjudande\/rastertak-undertak\/saturn-t-system\/#primaryimage"},"thumbnailUrl":"https:\/\/pwkrzysztof.com.pl\/wp-content\/uploads\/2019\/11\/ikona_pdf.png","datePublished":"2019-11-26T05:43:51+00:00","dateModified":"2020-01-14T22:15:41+00:00","breadcrumb":{"@id":"https:\/\/pwkrzysztof.com.pl\/se\/vi-erbjudande\/rastertak-undertak\/saturn-t-system\/#breadcrumb"},"inLanguage":"sv-SE","potentialAction":[{"@type":"ReadAction","target":["https:\/\/pwkrzysztof.com.pl\/se\/vi-erbjudande\/rastertak-undertak\/saturn-t-system\/"]}]},{"@type":"ImageObject","inLanguage":"sv-SE","@id":"https:\/\/pwkrzysztof.com.pl\/se\/vi-erbjudande\/rastertak-undertak\/saturn-t-system\/#primaryimage","url":"https:\/\/pwkrzysztof.com.pl\/wp-content\/uploads\/2019\/11\/ikona_pdf.png","contentUrl":"https:\/\/pwkrzysztof.com.pl\/wp-content\/uploads\/2019\/11\/ikona_pdf.png"},{"@type":"BreadcrumbList","@id":"https:\/\/pwkrzysztof.com.pl\/se\/vi-erbjudande\/rastertak-undertak\/saturn-t-system\/#breadcrumb","itemListElement":[{"@type":"ListItem","position":1,"name":"Strona g\u0142\u00f3wna","item":"https:\/\/pwkrzysztof.com.pl\/se\/"},{"@type":"ListItem","position":2,"name":"Vi erbjudande","item":"https:\/\/pwkrzysztof.com.pl\/se\/vi-erbjudande\/"},{"@type":"ListItem","position":3,"name":"Rastertak undertak","item":"https:\/\/pwkrzysztof.com.pl\/se\/vi-erbjudande\/rastertak-undertak\/"},{"@type":"ListItem","position":4,"name":"Saturn-T system"}]},{"@type":"WebSite","@id":"https:\/\/pwkrzysztof.com.pl\/se\/#website","url":"https:\/\/pwkrzysztof.com.pl\/se\/","name":"PW KRZYSZTOF MILCARZ - produktion av raster reflektorer f\u00f6r belysningsarmaturer samt undertak och rastertak\/alumimnium, metal elements, LED panel.","description":"F\u00f6retaget PW KRZYSZTOF MILCARZ \u00e4r huvudsakligen specialiserat p\u00e5 produktion av aluminiumbel\u00e4ggningar, linj\u00e4ra och fyrkantiga reflektorer f\u00f6r belysning, alugrider f\u00f6r \u00f6ppna celltak och m\u00f6jliga andra typer av delar som kan tillverkas av aluminium- eller mjukst\u00e5lbearbetning.","potentialAction":[{"@type":"SearchAction","target":{"@type":"EntryPoint","urlTemplate":"https:\/\/pwkrzysztof.com.pl\/se\/?s={search_term_string}"},"query-input":{"@type":"PropertyValueSpecification","valueRequired":true,"valueName":"search_term_string"}}],"inLanguage":"sv-SE"}]}},"_links":{"self":[{"href":"https:\/\/pwkrzysztof.com.pl\/se\/wp-json\/wp\/v2\/pages\/147","targetHints":{"allow":["GET"]}}],"collection":[{"href":"https:\/\/pwkrzysztof.com.pl\/se\/wp-json\/wp\/v2\/pages"}],"about":[{"href":"https:\/\/pwkrzysztof.com.pl\/se\/wp-json\/wp\/v2\/types\/page"}],"author":[{"embeddable":true,"href":"https:\/\/pwkrzysztof.com.pl\/se\/wp-json\/wp\/v2\/users\/1"}],"replies":[{"embeddable":true,"href":"https:\/\/pwkrzysztof.com.pl\/se\/wp-json\/wp\/v2\/comments?post=147"}],"version-history":[{"count":7,"href":"https:\/\/pwkrzysztof.com.pl\/se\/wp-json\/wp\/v2\/pages\/147\/revisions"}],"predecessor-version":[{"id":583,"href":"https:\/\/pwkrzysztof.com.pl\/se\/wp-json\/wp\/v2\/pages\/147\/revisions\/583"}],"up":[{"embeddable":true,"href":"https:\/\/pwkrzysztof.com.pl\/se\/wp-json\/wp\/v2\/pages\/143"}],"wp:attachment":[{"href":"https:\/\/pwkrzysztof.com.pl\/se\/wp-json\/wp\/v2\/media?parent=147"}],"curies":[{"name":"wp","href":"https:\/\/api.w.org\/{rel}","templated":true}]}}