




{"id":136,"date":"2019-11-25T22:02:41","date_gmt":"2019-11-25T21:02:41","guid":{"rendered":"https:\/\/pwkrzysztof.com.pl\/se\/?page_id=136"},"modified":"2019-12-15T14:25:41","modified_gmt":"2019-12-15T13:25:41","slug":"raster-for-belysning","status":"publish","type":"page","link":"https:\/\/pwkrzysztof.com.pl\/se\/vi-erbjudande\/raster-for-belysning\/","title":{"rendered":"Raster f\u00f6r belysning"},"content":{"rendered":"<p>Produktionen av bl\u00e4ndskydd och reflektorer\u00a0sker\/enlighet med v\u00e5ra kunders behov.<\/p>\n<p>Ett stort antal \u00a0varianter av bl\u00e4ndskydd och reflektorer producerade i v\u00e5r fabric (\u00e5tskilliga hundra designvarianter) \u00e4r resultatet av 25 \u00e5rs verksamhet.<\/p>\n<p>Dessa \u00e4r produkter designade av oss samt produkter designade av v\u00e5ra kunder, producerade enligt av kund tillhandah\u00e5llna specifikationer.<\/p>\n<p>Hela framtagningsprocessen , fr\u00e5n design, via prototyp, verktygsframtagning fram till start av serieproduktion tar fr\u00e5n tv\u00e5 till fyra veckor.<\/p>\n<p>Produkterna tillverkas av h\u00f6gkvalitativt aluminiummaterial som levereras fr\u00e5n: ALANOD, ALMECO och NOVELIS.<\/p>\n","protected":false},"excerpt":{"rendered":"<p>Produktionen av bl\u00e4ndskydd och reflektorer\u00a0sker\/enlighet med v\u00e5ra kunders behov. Ett [&hellip;]<\/p>\n","protected":false},"author":1,"featured_media":305,"parent":9,"menu_order":0,"comment_status":"closed","ping_status":"closed","template":"page_1.php","meta":{"footnotes":""},"class_list":["post-136","page","type-page","status-publish","has-post-thumbnail","hentry"],"yoast_head":"<!-- This site is optimized with the Yoast SEO plugin v27.2 - https:\/\/yoast.com\/product\/yoast-seo-wordpress\/ -->\n<title>Raster f\u00f6r belysning - PW KRZYSZTOF MILCARZ - produktion av raster reflektorer f\u00f6r belysningsarmaturer samt undertak och rastertak\/alumimnium, metal elements, LED panel.<\/title>\n<meta name=\"robots\" content=\"index, follow, max-snippet:-1, max-image-preview:large, max-video-preview:-1\" \/>\n<link rel=\"canonical\" href=\"https:\/\/pwkrzysztof.com.pl\/se\/vi-erbjudande\/raster-for-belysning\/\" \/>\n<meta property=\"og:locale\" content=\"sv_SE\" \/>\n<meta property=\"og:type\" content=\"article\" \/>\n<meta property=\"og:title\" content=\"Raster f\u00f6r belysning - PW KRZYSZTOF MILCARZ - produktion av raster reflektorer f\u00f6r belysningsarmaturer samt undertak och rastertak\/alumimnium, metal elements, LED panel.\" \/>\n<meta property=\"og:description\" content=\"Produktionen av bl\u00e4ndskydd och reflektorer\u00a0sker\/enlighet med v\u00e5ra kunders behov. Ett [&hellip;]\" \/>\n<meta property=\"og:url\" content=\"https:\/\/pwkrzysztof.com.pl\/se\/vi-erbjudande\/raster-for-belysning\/\" \/>\n<meta property=\"og:site_name\" content=\"PW KRZYSZTOF MILCARZ - produktion av raster reflektorer f\u00f6r belysningsarmaturer samt undertak och rastertak\/alumimnium, metal elements, LED panel.\" \/>\n<meta property=\"article:modified_time\" content=\"2019-12-15T13:25:41+00:00\" \/>\n<meta property=\"og:image\" content=\"https:\/\/pwkrzysztof.com.pl\/se\/wp-content\/uploads\/sites\/4\/rastry_m.jpg\" \/>\n\t<meta property=\"og:image:width\" content=\"300\" \/>\n\t<meta property=\"og:image:height\" content=\"225\" \/>\n\t<meta property=\"og:image:type\" content=\"image\/jpeg\" \/>\n<meta name=\"twitter:card\" content=\"summary_large_image\" \/>\n<script type=\"application\/ld+json\" class=\"yoast-schema-graph\">{\"@context\":\"https:\/\/schema.org\",\"@graph\":[{\"@type\":\"WebPage\",\"@id\":\"https:\/\/pwkrzysztof.com.pl\/se\/vi-erbjudande\/raster-for-belysning\/\",\"url\":\"https:\/\/pwkrzysztof.com.pl\/se\/vi-erbjudande\/raster-for-belysning\/\",\"name\":\"Raster f\u00f6r belysning - PW KRZYSZTOF MILCARZ - produktion av raster reflektorer f\u00f6r belysningsarmaturer samt undertak och rastertak\/alumimnium, metal elements, LED panel.\",\"isPartOf\":{\"@id\":\"https:\/\/pwkrzysztof.com.pl\/se\/#website\"},\"primaryImageOfPage\":{\"@id\":\"https:\/\/pwkrzysztof.com.pl\/se\/vi-erbjudande\/raster-for-belysning\/#primaryimage\"},\"image\":{\"@id\":\"https:\/\/pwkrzysztof.com.pl\/se\/vi-erbjudande\/raster-for-belysning\/#primaryimage\"},\"thumbnailUrl\":\"https:\/\/pwkrzysztof.com.pl\/se\/wp-content\/uploads\/sites\/4\/rastry_m.jpg\",\"datePublished\":\"2019-11-25T21:02:41+00:00\",\"dateModified\":\"2019-12-15T13:25:41+00:00\",\"breadcrumb\":{\"@id\":\"https:\/\/pwkrzysztof.com.pl\/se\/vi-erbjudande\/raster-for-belysning\/#breadcrumb\"},\"inLanguage\":\"sv-SE\",\"potentialAction\":[{\"@type\":\"ReadAction\",\"target\":[\"https:\/\/pwkrzysztof.com.pl\/se\/vi-erbjudande\/raster-for-belysning\/\"]}]},{\"@type\":\"ImageObject\",\"inLanguage\":\"sv-SE\",\"@id\":\"https:\/\/pwkrzysztof.com.pl\/se\/vi-erbjudande\/raster-for-belysning\/#primaryimage\",\"url\":\"https:\/\/pwkrzysztof.com.pl\/se\/wp-content\/uploads\/sites\/4\/rastry_m.jpg\",\"contentUrl\":\"https:\/\/pwkrzysztof.com.pl\/se\/wp-content\/uploads\/sites\/4\/rastry_m.jpg\",\"width\":300,\"height\":225},{\"@type\":\"BreadcrumbList\",\"@id\":\"https:\/\/pwkrzysztof.com.pl\/se\/vi-erbjudande\/raster-for-belysning\/#breadcrumb\",\"itemListElement\":[{\"@type\":\"ListItem\",\"position\":1,\"name\":\"Strona g\u0142\u00f3wna\",\"item\":\"https:\/\/pwkrzysztof.com.pl\/se\/\"},{\"@type\":\"ListItem\",\"position\":2,\"name\":\"Vi erbjudande\",\"item\":\"https:\/\/pwkrzysztof.com.pl\/se\/vi-erbjudande\/\"},{\"@type\":\"ListItem\",\"position\":3,\"name\":\"Raster f\u00f6r belysning\"}]},{\"@type\":\"WebSite\",\"@id\":\"https:\/\/pwkrzysztof.com.pl\/se\/#website\",\"url\":\"https:\/\/pwkrzysztof.com.pl\/se\/\",\"name\":\"PW KRZYSZTOF MILCARZ - produktion av raster reflektorer f\u00f6r belysningsarmaturer samt undertak och rastertak\/alumimnium, metal elements, LED panel.\",\"description\":\"F\u00f6retaget PW KRZYSZTOF MILCARZ \u00e4r huvudsakligen specialiserat p\u00e5 produktion av aluminiumbel\u00e4ggningar, linj\u00e4ra och fyrkantiga reflektorer f\u00f6r belysning, alugrider f\u00f6r \u00f6ppna celltak och m\u00f6jliga andra typer av delar som kan tillverkas av aluminium- eller mjukst\u00e5lbearbetning.\",\"potentialAction\":[{\"@type\":\"SearchAction\",\"target\":{\"@type\":\"EntryPoint\",\"urlTemplate\":\"https:\/\/pwkrzysztof.com.pl\/se\/?s={search_term_string}\"},\"query-input\":{\"@type\":\"PropertyValueSpecification\",\"valueRequired\":true,\"valueName\":\"search_term_string\"}}],\"inLanguage\":\"sv-SE\"}]}<\/script>\n<!-- \/ Yoast SEO plugin. -->","yoast_head_json":{"title":"Raster f\u00f6r belysning - PW KRZYSZTOF MILCARZ - produktion av raster reflektorer f\u00f6r belysningsarmaturer samt undertak och rastertak\/alumimnium, metal elements, LED panel.","robots":{"index":"index","follow":"follow","max-snippet":"max-snippet:-1","max-image-preview":"max-image-preview:large","max-video-preview":"max-video-preview:-1"},"canonical":"https:\/\/pwkrzysztof.com.pl\/se\/vi-erbjudande\/raster-for-belysning\/","og_locale":"sv_SE","og_type":"article","og_title":"Raster f\u00f6r belysning - PW KRZYSZTOF MILCARZ - produktion av raster reflektorer f\u00f6r belysningsarmaturer samt undertak och rastertak\/alumimnium, metal elements, LED panel.","og_description":"Produktionen av bl\u00e4ndskydd och reflektorer\u00a0sker\/enlighet med v\u00e5ra kunders behov. Ett [&hellip;]","og_url":"https:\/\/pwkrzysztof.com.pl\/se\/vi-erbjudande\/raster-for-belysning\/","og_site_name":"PW KRZYSZTOF MILCARZ - produktion av raster reflektorer f\u00f6r belysningsarmaturer samt undertak och rastertak\/alumimnium, metal elements, LED panel.","article_modified_time":"2019-12-15T13:25:41+00:00","og_image":[{"width":300,"height":225,"url":"https:\/\/pwkrzysztof.com.pl\/se\/wp-content\/uploads\/sites\/4\/rastry_m.jpg","type":"image\/jpeg"}],"twitter_card":"summary_large_image","schema":{"@context":"https:\/\/schema.org","@graph":[{"@type":"WebPage","@id":"https:\/\/pwkrzysztof.com.pl\/se\/vi-erbjudande\/raster-for-belysning\/","url":"https:\/\/pwkrzysztof.com.pl\/se\/vi-erbjudande\/raster-for-belysning\/","name":"Raster f\u00f6r belysning - PW KRZYSZTOF MILCARZ - produktion av raster reflektorer f\u00f6r belysningsarmaturer samt undertak och rastertak\/alumimnium, metal elements, LED panel.","isPartOf":{"@id":"https:\/\/pwkrzysztof.com.pl\/se\/#website"},"primaryImageOfPage":{"@id":"https:\/\/pwkrzysztof.com.pl\/se\/vi-erbjudande\/raster-for-belysning\/#primaryimage"},"image":{"@id":"https:\/\/pwkrzysztof.com.pl\/se\/vi-erbjudande\/raster-for-belysning\/#primaryimage"},"thumbnailUrl":"https:\/\/pwkrzysztof.com.pl\/se\/wp-content\/uploads\/sites\/4\/rastry_m.jpg","datePublished":"2019-11-25T21:02:41+00:00","dateModified":"2019-12-15T13:25:41+00:00","breadcrumb":{"@id":"https:\/\/pwkrzysztof.com.pl\/se\/vi-erbjudande\/raster-for-belysning\/#breadcrumb"},"inLanguage":"sv-SE","potentialAction":[{"@type":"ReadAction","target":["https:\/\/pwkrzysztof.com.pl\/se\/vi-erbjudande\/raster-for-belysning\/"]}]},{"@type":"ImageObject","inLanguage":"sv-SE","@id":"https:\/\/pwkrzysztof.com.pl\/se\/vi-erbjudande\/raster-for-belysning\/#primaryimage","url":"https:\/\/pwkrzysztof.com.pl\/se\/wp-content\/uploads\/sites\/4\/rastry_m.jpg","contentUrl":"https:\/\/pwkrzysztof.com.pl\/se\/wp-content\/uploads\/sites\/4\/rastry_m.jpg","width":300,"height":225},{"@type":"BreadcrumbList","@id":"https:\/\/pwkrzysztof.com.pl\/se\/vi-erbjudande\/raster-for-belysning\/#breadcrumb","itemListElement":[{"@type":"ListItem","position":1,"name":"Strona g\u0142\u00f3wna","item":"https:\/\/pwkrzysztof.com.pl\/se\/"},{"@type":"ListItem","position":2,"name":"Vi erbjudande","item":"https:\/\/pwkrzysztof.com.pl\/se\/vi-erbjudande\/"},{"@type":"ListItem","position":3,"name":"Raster f\u00f6r belysning"}]},{"@type":"WebSite","@id":"https:\/\/pwkrzysztof.com.pl\/se\/#website","url":"https:\/\/pwkrzysztof.com.pl\/se\/","name":"PW KRZYSZTOF MILCARZ - produktion av raster reflektorer f\u00f6r belysningsarmaturer samt undertak och rastertak\/alumimnium, metal elements, LED panel.","description":"F\u00f6retaget PW KRZYSZTOF MILCARZ \u00e4r huvudsakligen specialiserat p\u00e5 produktion av aluminiumbel\u00e4ggningar, linj\u00e4ra och fyrkantiga reflektorer f\u00f6r belysning, alugrider f\u00f6r \u00f6ppna celltak och m\u00f6jliga andra typer av delar som kan tillverkas av aluminium- eller mjukst\u00e5lbearbetning.","potentialAction":[{"@type":"SearchAction","target":{"@type":"EntryPoint","urlTemplate":"https:\/\/pwkrzysztof.com.pl\/se\/?s={search_term_string}"},"query-input":{"@type":"PropertyValueSpecification","valueRequired":true,"valueName":"search_term_string"}}],"inLanguage":"sv-SE"}]}},"_links":{"self":[{"href":"https:\/\/pwkrzysztof.com.pl\/se\/wp-json\/wp\/v2\/pages\/136","targetHints":{"allow":["GET"]}}],"collection":[{"href":"https:\/\/pwkrzysztof.com.pl\/se\/wp-json\/wp\/v2\/pages"}],"about":[{"href":"https:\/\/pwkrzysztof.com.pl\/se\/wp-json\/wp\/v2\/types\/page"}],"author":[{"embeddable":true,"href":"https:\/\/pwkrzysztof.com.pl\/se\/wp-json\/wp\/v2\/users\/1"}],"replies":[{"embeddable":true,"href":"https:\/\/pwkrzysztof.com.pl\/se\/wp-json\/wp\/v2\/comments?post=136"}],"version-history":[{"count":6,"href":"https:\/\/pwkrzysztof.com.pl\/se\/wp-json\/wp\/v2\/pages\/136\/revisions"}],"predecessor-version":[{"id":518,"href":"https:\/\/pwkrzysztof.com.pl\/se\/wp-json\/wp\/v2\/pages\/136\/revisions\/518"}],"up":[{"embeddable":true,"href":"https:\/\/pwkrzysztof.com.pl\/se\/wp-json\/wp\/v2\/pages\/9"}],"wp:featuredmedia":[{"embeddable":true,"href":"https:\/\/pwkrzysztof.com.pl\/se\/wp-json\/wp\/v2\/media\/305"}],"wp:attachment":[{"href":"https:\/\/pwkrzysztof.com.pl\/se\/wp-json\/wp\/v2\/media?parent=136"}],"curies":[{"name":"wp","href":"https:\/\/api.w.org\/{rel}","templated":true}]}}