




{"id":131,"date":"2019-11-24T21:37:52","date_gmt":"2019-11-24T20:37:52","guid":{"rendered":"https:\/\/pwkrzysztof.com.pl\/se\/?page_id=131"},"modified":"2019-12-15T14:27:49","modified_gmt":"2019-12-15T13:27:49","slug":"metal-elements","status":"publish","type":"page","link":"https:\/\/pwkrzysztof.com.pl\/se\/vi-erbjudande\/metal-elements\/","title":{"rendered":"Metal elements"},"content":{"rendered":"<p>Vi har nyligen ut\u00f6kat v\u00e5rt erbjudande till att omfatta produkter tillverkade i tunnpl\u00e5t ock kan nu erbjuda kundspecificerade produkter s\u00e5v\u00e4l som produkter avsedda f\u00f6r ljusarmaturer.<\/p>\n<p>F\u00f6rfr\u00e5gningar ber vi er rikta till v\u00e5r konstruktionsavdelning.<\/p>\n","protected":false},"excerpt":{"rendered":"<p>Vi har nyligen ut\u00f6kat v\u00e5rt erbjudande till att omfatta produkter [&hellip;]<\/p>\n","protected":false},"author":1,"featured_media":300,"parent":9,"menu_order":0,"comment_status":"closed","ping_status":"closed","template":"page_4.php","meta":{"footnotes":""},"class_list":["post-131","page","type-page","status-publish","has-post-thumbnail","hentry"],"yoast_head":"<!-- This site is optimized with the Yoast SEO plugin v27.2 - https:\/\/yoast.com\/product\/yoast-seo-wordpress\/ -->\n<title>Metal elements - PW KRZYSZTOF MILCARZ - produktion av raster reflektorer f\u00f6r belysningsarmaturer samt undertak och rastertak\/alumimnium, metal elements, LED panel.<\/title>\n<meta name=\"robots\" content=\"index, follow, max-snippet:-1, max-image-preview:large, max-video-preview:-1\" \/>\n<link rel=\"canonical\" href=\"https:\/\/pwkrzysztof.com.pl\/se\/vi-erbjudande\/metal-elements\/\" \/>\n<meta property=\"og:locale\" content=\"sv_SE\" \/>\n<meta property=\"og:type\" content=\"article\" \/>\n<meta property=\"og:title\" content=\"Metal elements - PW KRZYSZTOF MILCARZ - produktion av raster reflektorer f\u00f6r belysningsarmaturer samt undertak och rastertak\/alumimnium, metal elements, LED panel.\" \/>\n<meta property=\"og:description\" content=\"Vi har nyligen ut\u00f6kat v\u00e5rt erbjudande till att omfatta produkter [&hellip;]\" \/>\n<meta property=\"og:url\" content=\"https:\/\/pwkrzysztof.com.pl\/se\/vi-erbjudande\/metal-elements\/\" \/>\n<meta property=\"og:site_name\" content=\"PW KRZYSZTOF MILCARZ - produktion av raster reflektorer f\u00f6r belysningsarmaturer samt undertak och rastertak\/alumimnium, metal elements, LED panel.\" \/>\n<meta property=\"article:modified_time\" content=\"2019-12-15T13:27:49+00:00\" \/>\n<meta property=\"og:image\" content=\"https:\/\/pwkrzysztof.com.pl\/se\/wp-content\/uploads\/sites\/4\/Metalworking6_m.jpg\" \/>\n\t<meta property=\"og:image:width\" content=\"300\" \/>\n\t<meta property=\"og:image:height\" content=\"225\" \/>\n\t<meta property=\"og:image:type\" content=\"image\/jpeg\" \/>\n<meta name=\"twitter:card\" content=\"summary_large_image\" \/>\n<script type=\"application\/ld+json\" class=\"yoast-schema-graph\">{\"@context\":\"https:\/\/schema.org\",\"@graph\":[{\"@type\":\"WebPage\",\"@id\":\"https:\/\/pwkrzysztof.com.pl\/se\/vi-erbjudande\/metal-elements\/\",\"url\":\"https:\/\/pwkrzysztof.com.pl\/se\/vi-erbjudande\/metal-elements\/\",\"name\":\"Metal elements - PW KRZYSZTOF MILCARZ - produktion av raster reflektorer f\u00f6r belysningsarmaturer samt undertak och rastertak\/alumimnium, metal elements, LED panel.\",\"isPartOf\":{\"@id\":\"https:\/\/pwkrzysztof.com.pl\/se\/#website\"},\"primaryImageOfPage\":{\"@id\":\"https:\/\/pwkrzysztof.com.pl\/se\/vi-erbjudande\/metal-elements\/#primaryimage\"},\"image\":{\"@id\":\"https:\/\/pwkrzysztof.com.pl\/se\/vi-erbjudande\/metal-elements\/#primaryimage\"},\"thumbnailUrl\":\"https:\/\/pwkrzysztof.com.pl\/se\/wp-content\/uploads\/sites\/4\/Metalworking6_m.jpg\",\"datePublished\":\"2019-11-24T20:37:52+00:00\",\"dateModified\":\"2019-12-15T13:27:49+00:00\",\"breadcrumb\":{\"@id\":\"https:\/\/pwkrzysztof.com.pl\/se\/vi-erbjudande\/metal-elements\/#breadcrumb\"},\"inLanguage\":\"sv-SE\",\"potentialAction\":[{\"@type\":\"ReadAction\",\"target\":[\"https:\/\/pwkrzysztof.com.pl\/se\/vi-erbjudande\/metal-elements\/\"]}]},{\"@type\":\"ImageObject\",\"inLanguage\":\"sv-SE\",\"@id\":\"https:\/\/pwkrzysztof.com.pl\/se\/vi-erbjudande\/metal-elements\/#primaryimage\",\"url\":\"https:\/\/pwkrzysztof.com.pl\/se\/wp-content\/uploads\/sites\/4\/Metalworking6_m.jpg\",\"contentUrl\":\"https:\/\/pwkrzysztof.com.pl\/se\/wp-content\/uploads\/sites\/4\/Metalworking6_m.jpg\",\"width\":300,\"height\":225},{\"@type\":\"BreadcrumbList\",\"@id\":\"https:\/\/pwkrzysztof.com.pl\/se\/vi-erbjudande\/metal-elements\/#breadcrumb\",\"itemListElement\":[{\"@type\":\"ListItem\",\"position\":1,\"name\":\"Strona g\u0142\u00f3wna\",\"item\":\"https:\/\/pwkrzysztof.com.pl\/se\/\"},{\"@type\":\"ListItem\",\"position\":2,\"name\":\"Vi erbjudande\",\"item\":\"https:\/\/pwkrzysztof.com.pl\/se\/vi-erbjudande\/\"},{\"@type\":\"ListItem\",\"position\":3,\"name\":\"Metal elements\"}]},{\"@type\":\"WebSite\",\"@id\":\"https:\/\/pwkrzysztof.com.pl\/se\/#website\",\"url\":\"https:\/\/pwkrzysztof.com.pl\/se\/\",\"name\":\"PW KRZYSZTOF MILCARZ - produktion av raster reflektorer f\u00f6r belysningsarmaturer samt undertak och rastertak\/alumimnium, metal elements, LED panel.\",\"description\":\"F\u00f6retaget PW KRZYSZTOF MILCARZ \u00e4r huvudsakligen specialiserat p\u00e5 produktion av aluminiumbel\u00e4ggningar, linj\u00e4ra och fyrkantiga reflektorer f\u00f6r belysning, alugrider f\u00f6r \u00f6ppna celltak och m\u00f6jliga andra typer av delar som kan tillverkas av aluminium- eller mjukst\u00e5lbearbetning.\",\"potentialAction\":[{\"@type\":\"SearchAction\",\"target\":{\"@type\":\"EntryPoint\",\"urlTemplate\":\"https:\/\/pwkrzysztof.com.pl\/se\/?s={search_term_string}\"},\"query-input\":{\"@type\":\"PropertyValueSpecification\",\"valueRequired\":true,\"valueName\":\"search_term_string\"}}],\"inLanguage\":\"sv-SE\"}]}<\/script>\n<!-- \/ Yoast SEO plugin. -->","yoast_head_json":{"title":"Metal elements - PW KRZYSZTOF MILCARZ - produktion av raster reflektorer f\u00f6r belysningsarmaturer samt undertak och rastertak\/alumimnium, metal elements, LED panel.","robots":{"index":"index","follow":"follow","max-snippet":"max-snippet:-1","max-image-preview":"max-image-preview:large","max-video-preview":"max-video-preview:-1"},"canonical":"https:\/\/pwkrzysztof.com.pl\/se\/vi-erbjudande\/metal-elements\/","og_locale":"sv_SE","og_type":"article","og_title":"Metal elements - PW KRZYSZTOF MILCARZ - produktion av raster reflektorer f\u00f6r belysningsarmaturer samt undertak och rastertak\/alumimnium, metal elements, LED panel.","og_description":"Vi har nyligen ut\u00f6kat v\u00e5rt erbjudande till att omfatta produkter [&hellip;]","og_url":"https:\/\/pwkrzysztof.com.pl\/se\/vi-erbjudande\/metal-elements\/","og_site_name":"PW KRZYSZTOF MILCARZ - produktion av raster reflektorer f\u00f6r belysningsarmaturer samt undertak och rastertak\/alumimnium, metal elements, LED panel.","article_modified_time":"2019-12-15T13:27:49+00:00","og_image":[{"width":300,"height":225,"url":"https:\/\/pwkrzysztof.com.pl\/se\/wp-content\/uploads\/sites\/4\/Metalworking6_m.jpg","type":"image\/jpeg"}],"twitter_card":"summary_large_image","schema":{"@context":"https:\/\/schema.org","@graph":[{"@type":"WebPage","@id":"https:\/\/pwkrzysztof.com.pl\/se\/vi-erbjudande\/metal-elements\/","url":"https:\/\/pwkrzysztof.com.pl\/se\/vi-erbjudande\/metal-elements\/","name":"Metal elements - PW KRZYSZTOF MILCARZ - produktion av raster reflektorer f\u00f6r belysningsarmaturer samt undertak och rastertak\/alumimnium, metal elements, LED panel.","isPartOf":{"@id":"https:\/\/pwkrzysztof.com.pl\/se\/#website"},"primaryImageOfPage":{"@id":"https:\/\/pwkrzysztof.com.pl\/se\/vi-erbjudande\/metal-elements\/#primaryimage"},"image":{"@id":"https:\/\/pwkrzysztof.com.pl\/se\/vi-erbjudande\/metal-elements\/#primaryimage"},"thumbnailUrl":"https:\/\/pwkrzysztof.com.pl\/se\/wp-content\/uploads\/sites\/4\/Metalworking6_m.jpg","datePublished":"2019-11-24T20:37:52+00:00","dateModified":"2019-12-15T13:27:49+00:00","breadcrumb":{"@id":"https:\/\/pwkrzysztof.com.pl\/se\/vi-erbjudande\/metal-elements\/#breadcrumb"},"inLanguage":"sv-SE","potentialAction":[{"@type":"ReadAction","target":["https:\/\/pwkrzysztof.com.pl\/se\/vi-erbjudande\/metal-elements\/"]}]},{"@type":"ImageObject","inLanguage":"sv-SE","@id":"https:\/\/pwkrzysztof.com.pl\/se\/vi-erbjudande\/metal-elements\/#primaryimage","url":"https:\/\/pwkrzysztof.com.pl\/se\/wp-content\/uploads\/sites\/4\/Metalworking6_m.jpg","contentUrl":"https:\/\/pwkrzysztof.com.pl\/se\/wp-content\/uploads\/sites\/4\/Metalworking6_m.jpg","width":300,"height":225},{"@type":"BreadcrumbList","@id":"https:\/\/pwkrzysztof.com.pl\/se\/vi-erbjudande\/metal-elements\/#breadcrumb","itemListElement":[{"@type":"ListItem","position":1,"name":"Strona g\u0142\u00f3wna","item":"https:\/\/pwkrzysztof.com.pl\/se\/"},{"@type":"ListItem","position":2,"name":"Vi erbjudande","item":"https:\/\/pwkrzysztof.com.pl\/se\/vi-erbjudande\/"},{"@type":"ListItem","position":3,"name":"Metal elements"}]},{"@type":"WebSite","@id":"https:\/\/pwkrzysztof.com.pl\/se\/#website","url":"https:\/\/pwkrzysztof.com.pl\/se\/","name":"PW KRZYSZTOF MILCARZ - produktion av raster reflektorer f\u00f6r belysningsarmaturer samt undertak och rastertak\/alumimnium, metal elements, LED panel.","description":"F\u00f6retaget PW KRZYSZTOF MILCARZ \u00e4r huvudsakligen specialiserat p\u00e5 produktion av aluminiumbel\u00e4ggningar, linj\u00e4ra och fyrkantiga reflektorer f\u00f6r belysning, alugrider f\u00f6r \u00f6ppna celltak och m\u00f6jliga andra typer av delar som kan tillverkas av aluminium- eller mjukst\u00e5lbearbetning.","potentialAction":[{"@type":"SearchAction","target":{"@type":"EntryPoint","urlTemplate":"https:\/\/pwkrzysztof.com.pl\/se\/?s={search_term_string}"},"query-input":{"@type":"PropertyValueSpecification","valueRequired":true,"valueName":"search_term_string"}}],"inLanguage":"sv-SE"}]}},"_links":{"self":[{"href":"https:\/\/pwkrzysztof.com.pl\/se\/wp-json\/wp\/v2\/pages\/131","targetHints":{"allow":["GET"]}}],"collection":[{"href":"https:\/\/pwkrzysztof.com.pl\/se\/wp-json\/wp\/v2\/pages"}],"about":[{"href":"https:\/\/pwkrzysztof.com.pl\/se\/wp-json\/wp\/v2\/types\/page"}],"author":[{"embeddable":true,"href":"https:\/\/pwkrzysztof.com.pl\/se\/wp-json\/wp\/v2\/users\/1"}],"replies":[{"embeddable":true,"href":"https:\/\/pwkrzysztof.com.pl\/se\/wp-json\/wp\/v2\/comments?post=131"}],"version-history":[{"count":6,"href":"https:\/\/pwkrzysztof.com.pl\/se\/wp-json\/wp\/v2\/pages\/131\/revisions"}],"predecessor-version":[{"id":521,"href":"https:\/\/pwkrzysztof.com.pl\/se\/wp-json\/wp\/v2\/pages\/131\/revisions\/521"}],"up":[{"embeddable":true,"href":"https:\/\/pwkrzysztof.com.pl\/se\/wp-json\/wp\/v2\/pages\/9"}],"wp:featuredmedia":[{"embeddable":true,"href":"https:\/\/pwkrzysztof.com.pl\/se\/wp-json\/wp\/v2\/media\/300"}],"wp:attachment":[{"href":"https:\/\/pwkrzysztof.com.pl\/se\/wp-json\/wp\/v2\/media?parent=131"}],"curies":[{"name":"wp","href":"https:\/\/api.w.org\/{rel}","templated":true}]}}