




{"id":7,"date":"2019-10-27T18:17:42","date_gmt":"2019-10-27T17:17:42","guid":{"rendered":"https:\/\/pwkrzysztof.com.pl\/en\/?page_id=7"},"modified":"2019-12-16T18:42:47","modified_gmt":"2019-12-16T17:42:47","slug":"contact","status":"publish","type":"page","link":"https:\/\/pwkrzysztof.com.pl\/en\/contact\/","title":{"rendered":"Contact"},"content":{"rendered":"<div class=\"wsrodku\">\n<div class=\"lewykontd\"><strong>P.W. \u201cKRZYSZTOF\u201d &#8211; Krzysztof Milcarz<\/strong><br \/>\nJacent\u00f3w 61 A<br \/>\n27-580 SADOWIE, woj. \u015bwi\u0119tokrzyskie<br \/>\n<img decoding=\"async\" class=\"stopkawewimg zobram\" src=\"https:\/\/pwkrzysztof.com.pl\/wp-content\/uploads\/2019\/10\/flaga_pl.png\" \/>POLSKA<\/p>\n<div class=\"teld\"><img decoding=\"async\" src=\"https:\/\/pwkrzysztof.com.pl\/wp-content\/uploads\/2019\/12\/ikona_tel.png\" \/><a href=\"tel:48158692688\">+48 15 869 26 88<\/a><\/div>\n<div class=\"teld\"><img decoding=\"async\" src=\"https:\/\/pwkrzysztof.com.pl\/wp-content\/uploads\/2019\/12\/ikona_mejl.png\" \/><a href=\"mailto:info@pwkrzysztof.com.pl\">info@pwkrzysztof.com.pl<\/a><\/div>\n<div class=\"teld\"><img decoding=\"async\" src=\"https:\/\/pwkrzysztof.com.pl\/wp-content\/uploads\/2019\/12\/ikona_globe.png\" \/><a href=\"https:\/\/www.pwkrzysztof.com.pl\">www.pwkrzysztof.com.pl<\/a><\/div>\n<p>VAT no. PL6610001828<\/p>\n<\/div>\n<div class=\"prawykontd\"><strong>Branch<\/strong><br \/>\nul. Lipowska 17<br \/>\n27-500 OPAT\u00d3W, woj. \u015bwi\u0119tokrzyskie<br \/>\n<img decoding=\"async\" class=\"stopkawewimg zobram\" src=\"https:\/\/pwkrzysztof.com.pl\/wp-content\/uploads\/2019\/10\/flaga_pl.png\" \/>POLSKA<\/p>\n<div class=\"teld\"><img decoding=\"async\" src=\"https:\/\/pwkrzysztof.com.pl\/wp-content\/uploads\/2019\/12\/ikona_tel.png\" \/><a href=\"tel:48158682128\">+48 15 868 21 28<\/a><\/div>\n<div class=\"teld\"><img decoding=\"async\" src=\"https:\/\/pwkrzysztof.com.pl\/wp-content\/uploads\/2019\/12\/ikona_mejl.png\" \/><a href=\"mailto:info@pwkrzysztof.com.pl\">info@pwkrzysztof.com.pl<\/a><\/div>\n<\/div>\n<\/div>\n","protected":false},"excerpt":{"rendered":"<p>P.W. \u201cKRZYSZTOF\u201d &#8211; Krzysztof Milcarz Jacent\u00f3w 61 A 27-580 SADOWIE, [&hellip;]<\/p>\n","protected":false},"author":1,"featured_media":0,"parent":0,"menu_order":0,"comment_status":"closed","ping_status":"closed","template":"page_onas.php","meta":{"footnotes":""},"class_list":["post-7","page","type-page","status-publish","hentry"],"yoast_head":"<!-- This site is optimized with the Yoast SEO plugin v27.2 - https:\/\/yoast.com\/product\/yoast-seo-wordpress\/ -->\n<title>Contact - PW KRZYSZTOF - manufacturer of aluminium louvers, reflectors, optics, grids, open cell ceilings, aluminium and metal works, LED panel<\/title>\n<meta name=\"robots\" content=\"index, follow, max-snippet:-1, max-image-preview:large, max-video-preview:-1\" \/>\n<link rel=\"canonical\" href=\"https:\/\/pwkrzysztof.com.pl\/en\/contact\/\" \/>\n<meta property=\"og:locale\" content=\"en_GB\" \/>\n<meta property=\"og:type\" content=\"article\" \/>\n<meta property=\"og:title\" content=\"Contact - PW KRZYSZTOF - manufacturer of aluminium louvers, reflectors, optics, grids, open cell ceilings, aluminium and metal works, LED panel\" \/>\n<meta property=\"og:description\" content=\"P.W. \u201cKRZYSZTOF\u201d &#8211; Krzysztof Milcarz Jacent\u00f3w 61 A 27-580 SADOWIE, [&hellip;]\" \/>\n<meta property=\"og:url\" content=\"https:\/\/pwkrzysztof.com.pl\/en\/contact\/\" \/>\n<meta property=\"og:site_name\" content=\"PW KRZYSZTOF - manufacturer of aluminium louvers, reflectors, optics, grids, open cell ceilings, aluminium and metal works, LED panel\" \/>\n<meta property=\"article:modified_time\" content=\"2019-12-16T17:42:47+00:00\" \/>\n<meta property=\"og:image\" content=\"https:\/\/pwkrzysztof.com.pl\/wp-content\/uploads\/2019\/10\/flaga_pl.png\" \/>\n<meta name=\"twitter:card\" content=\"summary_large_image\" \/>\n<script type=\"application\/ld+json\" class=\"yoast-schema-graph\">{\"@context\":\"https:\/\/schema.org\",\"@graph\":[{\"@type\":\"WebPage\",\"@id\":\"https:\/\/pwkrzysztof.com.pl\/en\/contact\/\",\"url\":\"https:\/\/pwkrzysztof.com.pl\/en\/contact\/\",\"name\":\"Contact - PW KRZYSZTOF - manufacturer of aluminium louvers, reflectors, optics, grids, open cell ceilings, aluminium and metal works, LED panel\",\"isPartOf\":{\"@id\":\"https:\/\/pwkrzysztof.com.pl\/en\/#website\"},\"primaryImageOfPage\":{\"@id\":\"https:\/\/pwkrzysztof.com.pl\/en\/contact\/#primaryimage\"},\"image\":{\"@id\":\"https:\/\/pwkrzysztof.com.pl\/en\/contact\/#primaryimage\"},\"thumbnailUrl\":\"https:\/\/pwkrzysztof.com.pl\/wp-content\/uploads\/2019\/10\/flaga_pl.png\",\"datePublished\":\"2019-10-27T17:17:42+00:00\",\"dateModified\":\"2019-12-16T17:42:47+00:00\",\"breadcrumb\":{\"@id\":\"https:\/\/pwkrzysztof.com.pl\/en\/contact\/#breadcrumb\"},\"inLanguage\":\"en-GB\",\"potentialAction\":[{\"@type\":\"ReadAction\",\"target\":[\"https:\/\/pwkrzysztof.com.pl\/en\/contact\/\"]}]},{\"@type\":\"ImageObject\",\"inLanguage\":\"en-GB\",\"@id\":\"https:\/\/pwkrzysztof.com.pl\/en\/contact\/#primaryimage\",\"url\":\"https:\/\/pwkrzysztof.com.pl\/wp-content\/uploads\/2019\/10\/flaga_pl.png\",\"contentUrl\":\"https:\/\/pwkrzysztof.com.pl\/wp-content\/uploads\/2019\/10\/flaga_pl.png\"},{\"@type\":\"BreadcrumbList\",\"@id\":\"https:\/\/pwkrzysztof.com.pl\/en\/contact\/#breadcrumb\",\"itemListElement\":[{\"@type\":\"ListItem\",\"position\":1,\"name\":\"Strona g\u0142\u00f3wna\",\"item\":\"https:\/\/pwkrzysztof.com.pl\/en\/\"},{\"@type\":\"ListItem\",\"position\":2,\"name\":\"Contact\"}]},{\"@type\":\"WebSite\",\"@id\":\"https:\/\/pwkrzysztof.com.pl\/en\/#website\",\"url\":\"https:\/\/pwkrzysztof.com.pl\/en\/\",\"name\":\"PW KRZYSZTOF - manufacturer of aluminium louvers, reflectors, optics, grids, open cell ceilings, aluminium and metal works, LED panel\",\"description\":\"The company PW KRZYSZTOF MILCARZ specializes mainly in the production of aluminium louvers, linear and square reflectors for lighting, alugrids for open cell-ceilings, and possible other various kinds of parts that can be produced from aluminum or mild steel processing.\",\"potentialAction\":[{\"@type\":\"SearchAction\",\"target\":{\"@type\":\"EntryPoint\",\"urlTemplate\":\"https:\/\/pwkrzysztof.com.pl\/en\/?s={search_term_string}\"},\"query-input\":{\"@type\":\"PropertyValueSpecification\",\"valueRequired\":true,\"valueName\":\"search_term_string\"}}],\"inLanguage\":\"en-GB\"}]}<\/script>\n<!-- \/ Yoast SEO plugin. -->","yoast_head_json":{"title":"Contact - PW KRZYSZTOF - manufacturer of aluminium louvers, reflectors, optics, grids, open cell ceilings, aluminium and metal works, LED panel","robots":{"index":"index","follow":"follow","max-snippet":"max-snippet:-1","max-image-preview":"max-image-preview:large","max-video-preview":"max-video-preview:-1"},"canonical":"https:\/\/pwkrzysztof.com.pl\/en\/contact\/","og_locale":"en_GB","og_type":"article","og_title":"Contact - PW KRZYSZTOF - manufacturer of aluminium louvers, reflectors, optics, grids, open cell ceilings, aluminium and metal works, LED panel","og_description":"P.W. \u201cKRZYSZTOF\u201d &#8211; Krzysztof Milcarz Jacent\u00f3w 61 A 27-580 SADOWIE, [&hellip;]","og_url":"https:\/\/pwkrzysztof.com.pl\/en\/contact\/","og_site_name":"PW KRZYSZTOF - manufacturer of aluminium louvers, reflectors, optics, grids, open cell ceilings, aluminium and metal works, LED panel","article_modified_time":"2019-12-16T17:42:47+00:00","og_image":[{"url":"https:\/\/pwkrzysztof.com.pl\/wp-content\/uploads\/2019\/10\/flaga_pl.png","type":"","width":"","height":""}],"twitter_card":"summary_large_image","schema":{"@context":"https:\/\/schema.org","@graph":[{"@type":"WebPage","@id":"https:\/\/pwkrzysztof.com.pl\/en\/contact\/","url":"https:\/\/pwkrzysztof.com.pl\/en\/contact\/","name":"Contact - PW KRZYSZTOF - manufacturer of aluminium louvers, reflectors, optics, grids, open cell ceilings, aluminium and metal works, LED panel","isPartOf":{"@id":"https:\/\/pwkrzysztof.com.pl\/en\/#website"},"primaryImageOfPage":{"@id":"https:\/\/pwkrzysztof.com.pl\/en\/contact\/#primaryimage"},"image":{"@id":"https:\/\/pwkrzysztof.com.pl\/en\/contact\/#primaryimage"},"thumbnailUrl":"https:\/\/pwkrzysztof.com.pl\/wp-content\/uploads\/2019\/10\/flaga_pl.png","datePublished":"2019-10-27T17:17:42+00:00","dateModified":"2019-12-16T17:42:47+00:00","breadcrumb":{"@id":"https:\/\/pwkrzysztof.com.pl\/en\/contact\/#breadcrumb"},"inLanguage":"en-GB","potentialAction":[{"@type":"ReadAction","target":["https:\/\/pwkrzysztof.com.pl\/en\/contact\/"]}]},{"@type":"ImageObject","inLanguage":"en-GB","@id":"https:\/\/pwkrzysztof.com.pl\/en\/contact\/#primaryimage","url":"https:\/\/pwkrzysztof.com.pl\/wp-content\/uploads\/2019\/10\/flaga_pl.png","contentUrl":"https:\/\/pwkrzysztof.com.pl\/wp-content\/uploads\/2019\/10\/flaga_pl.png"},{"@type":"BreadcrumbList","@id":"https:\/\/pwkrzysztof.com.pl\/en\/contact\/#breadcrumb","itemListElement":[{"@type":"ListItem","position":1,"name":"Strona g\u0142\u00f3wna","item":"https:\/\/pwkrzysztof.com.pl\/en\/"},{"@type":"ListItem","position":2,"name":"Contact"}]},{"@type":"WebSite","@id":"https:\/\/pwkrzysztof.com.pl\/en\/#website","url":"https:\/\/pwkrzysztof.com.pl\/en\/","name":"PW KRZYSZTOF - manufacturer of aluminium louvers, reflectors, optics, grids, open cell ceilings, aluminium and metal works, LED panel","description":"The company PW KRZYSZTOF MILCARZ specializes mainly in the production of aluminium louvers, linear and square reflectors for lighting, alugrids for open cell-ceilings, and possible other various kinds of parts that can be produced from aluminum or mild steel processing.","potentialAction":[{"@type":"SearchAction","target":{"@type":"EntryPoint","urlTemplate":"https:\/\/pwkrzysztof.com.pl\/en\/?s={search_term_string}"},"query-input":{"@type":"PropertyValueSpecification","valueRequired":true,"valueName":"search_term_string"}}],"inLanguage":"en-GB"}]}},"_links":{"self":[{"href":"https:\/\/pwkrzysztof.com.pl\/en\/wp-json\/wp\/v2\/pages\/7","targetHints":{"allow":["GET"]}}],"collection":[{"href":"https:\/\/pwkrzysztof.com.pl\/en\/wp-json\/wp\/v2\/pages"}],"about":[{"href":"https:\/\/pwkrzysztof.com.pl\/en\/wp-json\/wp\/v2\/types\/page"}],"author":[{"embeddable":true,"href":"https:\/\/pwkrzysztof.com.pl\/en\/wp-json\/wp\/v2\/users\/1"}],"replies":[{"embeddable":true,"href":"https:\/\/pwkrzysztof.com.pl\/en\/wp-json\/wp\/v2\/comments?post=7"}],"version-history":[{"count":9,"href":"https:\/\/pwkrzysztof.com.pl\/en\/wp-json\/wp\/v2\/pages\/7\/revisions"}],"predecessor-version":[{"id":557,"href":"https:\/\/pwkrzysztof.com.pl\/en\/wp-json\/wp\/v2\/pages\/7\/revisions\/557"}],"wp:attachment":[{"href":"https:\/\/pwkrzysztof.com.pl\/en\/wp-json\/wp\/v2\/media?parent=7"}],"curies":[{"name":"wp","href":"https:\/\/api.w.org\/{rel}","templated":true}]}}