




{"id":156,"date":"2019-12-03T14:35:28","date_gmt":"2019-12-03T13:35:28","guid":{"rendered":"https:\/\/pwkrzysztof.com.pl\/de\/?page_id=156"},"modified":"2019-12-03T14:35:28","modified_gmt":"2019-12-03T13:35:28","slug":"datenschutzerklaerung","status":"publish","type":"page","link":"https:\/\/pwkrzysztof.com.pl\/de\/datenschutzerklaerung\/","title":{"rendered":"Datenschutzerkl\u00e4rung"},"content":{"rendered":"<p>Z dniem 25 maja 2018 r. rozpoczyna obowi\u0105zywanie Rozporz\u0105dzenie Parlamentu Europejskiego i Rady (UE) 2016\/679 z dnia 27 kwietnia 2016 r. w sprawie ochrony os\u00f3b fizycznych w zwi\u0105zku z przetwarzaniem danych osobowych i w sprawie swobodnego przep\u0142ywu takich danych oraz uchylenia dyrektywy 95\/46\/WE (okre\u015blane popularnie jako \u201eRODO\u201d).<\/p>\n<ol>\n<li>Zgodnie z art. 13 og\u00f3lnego rozporz\u0105dzenia o ochronie danych osobowych z dnia 27 kwietnia 2016 r. (Dz. Urz. UE L 119 z 04.05.2016) informuj\u0119, i\u017c: Administratorem Pani\/Pana danych osobowych jest: P.W. KRZYSZTOF MILCARZ<strong>, <\/strong>ul. Lipowska 17, 27-500 Opat\u00f3w (woj. \u015bwi\u0119tokrzyskie).<\/li>\n<li>Pa\u0144stwa dane otrzymane za po\u015bdrednictwem poczty elektronicznej s\u0105 przetwarzane w celu udzielenia odpowiedzi na zapytanie skierowane do nas, oznacza to realizacj\u0119 naszych prawnie uzasadnionych interes\u00f3w administratora w komunikacji z u\u017cytkownikiem naszej strony internetowej.<\/li>\n<li>Pa\u0144stwa dane osobowe przetwarzane s\u0105 w celu realizacji \u017c\u0105danych us\u0142ug.<\/li>\n<li>Dane osobowe klienta b\u0119d\u0105 przechowywane przez okres potrzebny do realizacja us\u0142ug oraz po ich zako\u0144czeniu w celu wype\u0142nienia obowi\u0105zku prawnego ci\u0105\u017c\u0105cego na Administratorze na czas zgody z obowi\u0105zuj\u0105cymi przepisami prawa.<\/li>\n<li>Odbiorcami Pana\/Pani danych osobowych mog\u0105 by\u0107 inne podmioty, kt\u00f3re maj\u0105 do tego prawo okre\u015blone w przepisach prawa lub za Pa\u0144stwa zgod\u0105.<\/li>\n<li>Posiadcie Pa\u0144stwo prawo do \u017c\u0105dania od administratora dost\u0119pu do tre\u015bci swoich danych osobowych, prawo do ich sprostowania, usuni\u0119cia lub ograniczenia przetwarzania, prawo do wniesienia sprzeciwu wobec przetwarzania, prawo do przenoszenia danych, prawo do cofni\u0119cia zgody w dowolnym momencie.<\/li>\n<li>Macie Pa\u0144stwo prawo do wniesienia skargi do Prezesa Urz\u0119du Ochrony Danych, gdy uznacie, i\u017c przetwarzanie danych osobowych dotycz\u0105cych Klienta narusza przepisy Og\u00f3lnego rozporz\u0105dzenia o ochronie danych osobowych z dnia 27 kwietnia 2016 r.<\/li>\n<li>Podanie danych osobowych jest dobrowolne, jednak\u017ce niepodanie danych w zakresie wymaganym przez administratora b\u0119dzie skutkowa\u0107 brakiem mo\u017cliwo\u015bci realizacji us\u0142ugi.<\/li>\n<\/ol>\n","protected":false},"excerpt":{"rendered":"<p>Z dniem 25 maja 2018 r. rozpoczyna obowi\u0105zywanie Rozporz\u0105dzenie Parlamentu [&hellip;]<\/p>\n","protected":false},"author":1,"featured_media":0,"parent":0,"menu_order":0,"comment_status":"closed","ping_status":"closed","template":"","meta":{"footnotes":""},"class_list":["post-156","page","type-page","status-publish","hentry"],"yoast_head":"<!-- This site is optimized with the Yoast SEO plugin v27.2 - https:\/\/yoast.com\/product\/yoast-seo-wordpress\/ -->\n<title>Datenschutzerkl\u00e4rung - PW KRZYSZTOF - Hersteller Aluminiumreflektoren f\u00fcr unterschiedlichste Arten von Leuchten, Aluminiumdecken, Aluminium-Komponenten, LED panele.<\/title>\n<meta name=\"robots\" content=\"index, follow, max-snippet:-1, max-image-preview:large, max-video-preview:-1\" \/>\n<link rel=\"canonical\" href=\"https:\/\/pwkrzysztof.com.pl\/de\/datenschutzerklaerung\/\" \/>\n<meta property=\"og:locale\" content=\"de_DE\" \/>\n<meta property=\"og:type\" content=\"article\" \/>\n<meta property=\"og:title\" content=\"Datenschutzerkl\u00e4rung - PW KRZYSZTOF - Hersteller Aluminiumreflektoren f\u00fcr unterschiedlichste Arten von Leuchten, Aluminiumdecken, Aluminium-Komponenten, LED panele.\" \/>\n<meta property=\"og:description\" content=\"Z dniem 25 maja 2018 r. rozpoczyna obowi\u0105zywanie Rozporz\u0105dzenie Parlamentu [&hellip;]\" \/>\n<meta property=\"og:url\" content=\"https:\/\/pwkrzysztof.com.pl\/de\/datenschutzerklaerung\/\" \/>\n<meta property=\"og:site_name\" content=\"PW KRZYSZTOF - Hersteller Aluminiumreflektoren f\u00fcr unterschiedlichste Arten von Leuchten, Aluminiumdecken, Aluminium-Komponenten, LED panele.\" \/>\n<meta name=\"twitter:card\" content=\"summary_large_image\" \/>\n<meta name=\"twitter:label1\" content=\"Gesch\u00e4tzte Lesezeit\" \/>\n\t<meta name=\"twitter:data1\" content=\"2\u00a0Minuten\" \/>\n<script type=\"application\/ld+json\" class=\"yoast-schema-graph\">{\"@context\":\"https:\/\/schema.org\",\"@graph\":[{\"@type\":\"WebPage\",\"@id\":\"https:\/\/pwkrzysztof.com.pl\/de\/datenschutzerklaerung\/\",\"url\":\"https:\/\/pwkrzysztof.com.pl\/de\/datenschutzerklaerung\/\",\"name\":\"Datenschutzerkl\u00e4rung - PW KRZYSZTOF - Hersteller Aluminiumreflektoren f\u00fcr unterschiedlichste Arten von Leuchten, Aluminiumdecken, Aluminium-Komponenten, LED panele.\",\"isPartOf\":{\"@id\":\"https:\/\/pwkrzysztof.com.pl\/de\/#website\"},\"datePublished\":\"2019-12-03T13:35:28+00:00\",\"breadcrumb\":{\"@id\":\"https:\/\/pwkrzysztof.com.pl\/de\/datenschutzerklaerung\/#breadcrumb\"},\"inLanguage\":\"de\",\"potentialAction\":[{\"@type\":\"ReadAction\",\"target\":[\"https:\/\/pwkrzysztof.com.pl\/de\/datenschutzerklaerung\/\"]}]},{\"@type\":\"BreadcrumbList\",\"@id\":\"https:\/\/pwkrzysztof.com.pl\/de\/datenschutzerklaerung\/#breadcrumb\",\"itemListElement\":[{\"@type\":\"ListItem\",\"position\":1,\"name\":\"Strona g\u0142\u00f3wna\",\"item\":\"https:\/\/pwkrzysztof.com.pl\/de\/\"},{\"@type\":\"ListItem\",\"position\":2,\"name\":\"Datenschutzerkl\u00e4rung\"}]},{\"@type\":\"WebSite\",\"@id\":\"https:\/\/pwkrzysztof.com.pl\/de\/#website\",\"url\":\"https:\/\/pwkrzysztof.com.pl\/de\/\",\"name\":\"PW KRZYSZTOF - Hersteller Aluminiumreflektoren f\u00fcr unterschiedlichste Arten von Leuchten, Aluminiumdecken, Aluminium-Komponenten, LED panele.\",\"description\":\"Die Firma PW KRZYSZTOF MILCARZ spezialisiert ist in der Herstellung von Raster-Lamellen und Aluminiumreflektoren f\u00fcr unterschiedlichste Arten von Leuchten, Aluminiumdecken, und Aluminium-Komponenten.\",\"potentialAction\":[{\"@type\":\"SearchAction\",\"target\":{\"@type\":\"EntryPoint\",\"urlTemplate\":\"https:\/\/pwkrzysztof.com.pl\/de\/?s={search_term_string}\"},\"query-input\":{\"@type\":\"PropertyValueSpecification\",\"valueRequired\":true,\"valueName\":\"search_term_string\"}}],\"inLanguage\":\"de\"}]}<\/script>\n<!-- \/ Yoast SEO plugin. -->","yoast_head_json":{"title":"Datenschutzerkl\u00e4rung - PW KRZYSZTOF - Hersteller Aluminiumreflektoren f\u00fcr unterschiedlichste Arten von Leuchten, Aluminiumdecken, Aluminium-Komponenten, LED panele.","robots":{"index":"index","follow":"follow","max-snippet":"max-snippet:-1","max-image-preview":"max-image-preview:large","max-video-preview":"max-video-preview:-1"},"canonical":"https:\/\/pwkrzysztof.com.pl\/de\/datenschutzerklaerung\/","og_locale":"de_DE","og_type":"article","og_title":"Datenschutzerkl\u00e4rung - PW KRZYSZTOF - Hersteller Aluminiumreflektoren f\u00fcr unterschiedlichste Arten von Leuchten, Aluminiumdecken, Aluminium-Komponenten, LED panele.","og_description":"Z dniem 25 maja 2018 r. rozpoczyna obowi\u0105zywanie Rozporz\u0105dzenie Parlamentu [&hellip;]","og_url":"https:\/\/pwkrzysztof.com.pl\/de\/datenschutzerklaerung\/","og_site_name":"PW KRZYSZTOF - Hersteller Aluminiumreflektoren f\u00fcr unterschiedlichste Arten von Leuchten, Aluminiumdecken, Aluminium-Komponenten, LED panele.","twitter_card":"summary_large_image","twitter_misc":{"Gesch\u00e4tzte Lesezeit":"2\u00a0Minuten"},"schema":{"@context":"https:\/\/schema.org","@graph":[{"@type":"WebPage","@id":"https:\/\/pwkrzysztof.com.pl\/de\/datenschutzerklaerung\/","url":"https:\/\/pwkrzysztof.com.pl\/de\/datenschutzerklaerung\/","name":"Datenschutzerkl\u00e4rung - PW KRZYSZTOF - Hersteller Aluminiumreflektoren f\u00fcr unterschiedlichste Arten von Leuchten, Aluminiumdecken, Aluminium-Komponenten, LED panele.","isPartOf":{"@id":"https:\/\/pwkrzysztof.com.pl\/de\/#website"},"datePublished":"2019-12-03T13:35:28+00:00","breadcrumb":{"@id":"https:\/\/pwkrzysztof.com.pl\/de\/datenschutzerklaerung\/#breadcrumb"},"inLanguage":"de","potentialAction":[{"@type":"ReadAction","target":["https:\/\/pwkrzysztof.com.pl\/de\/datenschutzerklaerung\/"]}]},{"@type":"BreadcrumbList","@id":"https:\/\/pwkrzysztof.com.pl\/de\/datenschutzerklaerung\/#breadcrumb","itemListElement":[{"@type":"ListItem","position":1,"name":"Strona g\u0142\u00f3wna","item":"https:\/\/pwkrzysztof.com.pl\/de\/"},{"@type":"ListItem","position":2,"name":"Datenschutzerkl\u00e4rung"}]},{"@type":"WebSite","@id":"https:\/\/pwkrzysztof.com.pl\/de\/#website","url":"https:\/\/pwkrzysztof.com.pl\/de\/","name":"PW KRZYSZTOF - Hersteller Aluminiumreflektoren f\u00fcr unterschiedlichste Arten von Leuchten, Aluminiumdecken, Aluminium-Komponenten, LED panele.","description":"Die Firma PW KRZYSZTOF MILCARZ spezialisiert ist in der Herstellung von Raster-Lamellen und Aluminiumreflektoren f\u00fcr unterschiedlichste Arten von Leuchten, Aluminiumdecken, und Aluminium-Komponenten.","potentialAction":[{"@type":"SearchAction","target":{"@type":"EntryPoint","urlTemplate":"https:\/\/pwkrzysztof.com.pl\/de\/?s={search_term_string}"},"query-input":{"@type":"PropertyValueSpecification","valueRequired":true,"valueName":"search_term_string"}}],"inLanguage":"de"}]}},"_links":{"self":[{"href":"https:\/\/pwkrzysztof.com.pl\/de\/wp-json\/wp\/v2\/pages\/156","targetHints":{"allow":["GET"]}}],"collection":[{"href":"https:\/\/pwkrzysztof.com.pl\/de\/wp-json\/wp\/v2\/pages"}],"about":[{"href":"https:\/\/pwkrzysztof.com.pl\/de\/wp-json\/wp\/v2\/types\/page"}],"author":[{"embeddable":true,"href":"https:\/\/pwkrzysztof.com.pl\/de\/wp-json\/wp\/v2\/users\/1"}],"replies":[{"embeddable":true,"href":"https:\/\/pwkrzysztof.com.pl\/de\/wp-json\/wp\/v2\/comments?post=156"}],"version-history":[{"count":1,"href":"https:\/\/pwkrzysztof.com.pl\/de\/wp-json\/wp\/v2\/pages\/156\/revisions"}],"predecessor-version":[{"id":157,"href":"https:\/\/pwkrzysztof.com.pl\/de\/wp-json\/wp\/v2\/pages\/156\/revisions\/157"}],"wp:attachment":[{"href":"https:\/\/pwkrzysztof.com.pl\/de\/wp-json\/wp\/v2\/media?parent=156"}],"curies":[{"name":"wp","href":"https:\/\/api.w.org\/{rel}","templated":true}]}}