




{"id":147,"date":"2019-11-26T06:43:41","date_gmt":"2019-11-26T05:43:41","guid":{"rendered":"https:\/\/pwkrzysztof.com.pl\/de\/?page_id=147"},"modified":"2020-02-02T20:28:26","modified_gmt":"2020-02-02T19:28:26","slug":"saturn-t-system","status":"publish","type":"page","link":"https:\/\/pwkrzysztof.com.pl\/de\/angebot\/rasterdecken\/saturn-t-system\/","title":{"rendered":"Saturn-T system"},"content":{"rendered":"<div class=\"sliderlewy\"><div id=\"metaslider-id-78\" style=\"width: 100%; margin: 0 auto;\" class=\"ml-slider-3-106-0 metaslider metaslider-flex metaslider-78 ml-slider ms-theme-default nav-hidden\" role=\"region\" aria-label=\"Sufity rastrowe Saturn-T\" data-height=\"533\" data-width=\"800\">\n    <div id=\"metaslider_container_78\">\n        <div id=\"metaslider_78\">\n            <ul class='slides'>\n                <li style=\"display: block; width: 100%;\" class=\"slide-574 ms-image \" aria-roledescription=\"slide\" data-date=\"2020-01-14 11:14:04\" data-filename=\"2015121145707Saturn-tsufitzramka-750x499.jpg\" data-slide-type=\"image\"><img loading=\"lazy\" decoding=\"async\" src=\"https:\/\/pwkrzysztof.com.pl\/de\/wp-content\/uploads\/sites\/3\/2015121145707Saturn-tsufitzramka-750x499.jpg\" height=\"533\" width=\"800\" alt=\"\" class=\"slider-78 slide-574 msDefaultImage\" title=\"2015121145707Saturn-tsufitzramka\" \/><\/li>\n                <li style=\"display: none; width: 100%;\" class=\"slide-576 ms-image \" aria-roledescription=\"slide\" data-date=\"2020-01-14 11:14:04\" data-filename=\"20151130122023Saturn-Tsystem-750x499.jpg\" data-slide-type=\"image\"><img loading=\"lazy\" decoding=\"async\" src=\"https:\/\/pwkrzysztof.com.pl\/de\/wp-content\/uploads\/sites\/3\/20151130122023Saturn-Tsystem-750x499.jpg\" height=\"533\" width=\"800\" alt=\"\" class=\"slider-78 slide-576 msDefaultImage\" title=\"20151130122023Saturn-Tsystem\" \/><\/li>\n                <li style=\"display: none; width: 100%;\" class=\"slide-577 ms-image \" aria-roledescription=\"slide\" data-date=\"2020-01-14 11:14:04\" data-filename=\"20151127154456Saturn-T-2-750x499.jpg\" data-slide-type=\"image\"><img loading=\"lazy\" decoding=\"async\" src=\"https:\/\/pwkrzysztof.com.pl\/de\/wp-content\/uploads\/sites\/3\/20151127154456Saturn-T-2-750x499.jpg\" height=\"533\" width=\"800\" alt=\"\" class=\"slider-78 slide-577 msDefaultImage\" title=\"20151127154456Saturn-T-2\" \/><\/li>\n                <li style=\"display: none; width: 100%;\" class=\"slide-578 ms-image \" aria-roledescription=\"slide\" data-date=\"2020-01-14 11:14:04\" data-filename=\"2015112790212Saturn-Tbezramki1.jpg\" data-slide-type=\"image\"><img loading=\"lazy\" decoding=\"async\" src=\"https:\/\/pwkrzysztof.com.pl\/de\/wp-content\/uploads\/sites\/3\/2015112790212Saturn-Tbezramki1.jpg\" height=\"533\" width=\"800\" alt=\"\" class=\"slider-78 slide-578 msDefaultImage\" title=\"2015112790212Saturn-Tbezramki1\" \/><\/li>\n            <\/ul>\n        <\/div>\n        \n    <\/div>\n<\/div><\/div>\n<div class=\"infoprawe\">\n<div class=\"tytofertyall\">system SATURN-T<\/div>\n<p>Aluminium Raster und Lamellendecken f\u00fcr abgeh\u00e4ngte Rasterdecken entworfen f\u00fcr Aufh\u00e4nge systeme wie Tee-Schienen mit eine Sichtbreite von 15 und 24 mm standardprofile.<\/p>\n<p>Verf\u00fcgbar in jeder gew\u00fcnschter Module und Wabe (Standardmodule 600&#215;600 mm \/ 1200&#215;600 mm).<\/p>\n<p>Mit Waben von 50 bis 200 mm gibt es die M\u00f6glichkeit verschiedene Konfigurationen zu kreieren abh\u00e4ngig von die Anforderungen mit Bezug auf eine offene Deckenraum und die erlaubte Einrichtungen f\u00fcr Beleuchtung, und das wegnehmen von sichtbare Apparaten.<\/p>\n<p>Die Rasterdecke kann mit oder ohne Randlamellen geliefert werden.<\/p>\n<p>Rastermodulen mit Randlamellen entnehmen die sichtbare seitliche Teilen der Tee-Schiene wodurch eine Monolithische Eindruck kreiert wird.<br \/>\nDie Montage und Demontage von der Rasterdecke ist einfach und die oberliegende Installationen sind gut zu erreichen.<\/p>\n<p>Die Rasterdecken sind verf\u00fcgbar pro einzelne Bestellung in Standardfarben:<\/p>\n<ul>\n<li>wei\u00df \u00e4hnlich RAL 9016 \u2013 matt<\/li>\n<li>aluminiumgrau-Silber \u00e4hnlich RAL 9006 \u2013 matt<\/li>\n<li>schwarz \u00e4hnlich RAL 9011 \u2013 matt<\/li>\n<\/ul>\n<p>Andere Farben auf Anfrage.<\/p>\n<p>Die typische Geb\u00e4uden geeignet f\u00fcr die Installation von Rasterdecken sind:<\/p>\n<ul>\n<li>B\u00fcrogeb\u00e4uden<\/li>\n<li>Einkaufzentrums<\/li>\n<li>Publike Geb\u00e4ude<\/li>\n<li>Hallen<\/li>\n<li>Fluren<\/li>\n<\/ul>\n<div class=\"specyf\">\n<div class=\"specyfin\"><a href=\"https:\/\/pwkrzysztof.com.pl\/de\/wp-content\/uploads\/sites\/3\/system-Saturn-T-en.pdf\" target=\"_blank\" rel=\"noopener noreferrer\"><img loading=\"lazy\" decoding=\"async\" class=\"alignnone size-full wp-image-165\" src=\"https:\/\/pwkrzysztof.com.pl\/wp-content\/uploads\/2019\/11\/ikona_pdf.png\" alt=\"\" width=\"80\" height=\"110\" \/><\/a>Technical Specifications<\/div>\n<\/div>\n<\/div>\n","protected":false},"excerpt":{"rendered":"<p>system SATURN-T Aluminium Raster und Lamellendecken f\u00fcr abgeh\u00e4ngte Rasterdecken entworfen [&hellip;]<\/p>\n","protected":false},"author":1,"featured_media":0,"parent":143,"menu_order":0,"comment_status":"closed","ping_status":"closed","template":"page_6.php","meta":{"footnotes":""},"class_list":["post-147","page","type-page","status-publish","hentry"],"yoast_head":"<!-- This site is optimized with the Yoast SEO plugin v27.2 - https:\/\/yoast.com\/product\/yoast-seo-wordpress\/ -->\n<title>Saturn-T system - PW KRZYSZTOF - Hersteller Aluminiumreflektoren f\u00fcr unterschiedlichste Arten von Leuchten, Aluminiumdecken, Aluminium-Komponenten, LED panele.<\/title>\n<meta name=\"robots\" content=\"index, follow, max-snippet:-1, max-image-preview:large, max-video-preview:-1\" \/>\n<link rel=\"canonical\" href=\"https:\/\/pwkrzysztof.com.pl\/de\/angebot\/rasterdecken\/saturn-t-system\/\" \/>\n<meta property=\"og:locale\" content=\"de_DE\" \/>\n<meta property=\"og:type\" content=\"article\" \/>\n<meta property=\"og:title\" content=\"Saturn-T system - PW KRZYSZTOF - Hersteller Aluminiumreflektoren f\u00fcr unterschiedlichste Arten von Leuchten, Aluminiumdecken, Aluminium-Komponenten, LED panele.\" \/>\n<meta property=\"og:description\" content=\"system SATURN-T Aluminium Raster und Lamellendecken f\u00fcr abgeh\u00e4ngte Rasterdecken entworfen [&hellip;]\" \/>\n<meta property=\"og:url\" content=\"https:\/\/pwkrzysztof.com.pl\/de\/angebot\/rasterdecken\/saturn-t-system\/\" \/>\n<meta property=\"og:site_name\" content=\"PW KRZYSZTOF - Hersteller Aluminiumreflektoren f\u00fcr unterschiedlichste Arten von Leuchten, Aluminiumdecken, Aluminium-Komponenten, LED panele.\" \/>\n<meta property=\"article:modified_time\" content=\"2020-02-02T19:28:26+00:00\" \/>\n<meta property=\"og:image\" content=\"https:\/\/pwkrzysztof.com.pl\/wp-content\/uploads\/2019\/11\/ikona_pdf.png\" \/>\n<meta name=\"twitter:card\" content=\"summary_large_image\" \/>\n<meta name=\"twitter:label1\" content=\"Gesch\u00e4tzte Lesezeit\" \/>\n\t<meta name=\"twitter:data1\" content=\"1\u00a0Minute\" \/>\n<script type=\"application\/ld+json\" class=\"yoast-schema-graph\">{\"@context\":\"https:\/\/schema.org\",\"@graph\":[{\"@type\":\"WebPage\",\"@id\":\"https:\/\/pwkrzysztof.com.pl\/de\/angebot\/rasterdecken\/saturn-t-system\/\",\"url\":\"https:\/\/pwkrzysztof.com.pl\/de\/angebot\/rasterdecken\/saturn-t-system\/\",\"name\":\"Saturn-T system - PW KRZYSZTOF - Hersteller Aluminiumreflektoren f\u00fcr unterschiedlichste Arten von Leuchten, Aluminiumdecken, Aluminium-Komponenten, LED panele.\",\"isPartOf\":{\"@id\":\"https:\/\/pwkrzysztof.com.pl\/de\/#website\"},\"primaryImageOfPage\":{\"@id\":\"https:\/\/pwkrzysztof.com.pl\/de\/angebot\/rasterdecken\/saturn-t-system\/#primaryimage\"},\"image\":{\"@id\":\"https:\/\/pwkrzysztof.com.pl\/de\/angebot\/rasterdecken\/saturn-t-system\/#primaryimage\"},\"thumbnailUrl\":\"https:\/\/pwkrzysztof.com.pl\/wp-content\/uploads\/2019\/11\/ikona_pdf.png\",\"datePublished\":\"2019-11-26T05:43:41+00:00\",\"dateModified\":\"2020-02-02T19:28:26+00:00\",\"breadcrumb\":{\"@id\":\"https:\/\/pwkrzysztof.com.pl\/de\/angebot\/rasterdecken\/saturn-t-system\/#breadcrumb\"},\"inLanguage\":\"de\",\"potentialAction\":[{\"@type\":\"ReadAction\",\"target\":[\"https:\/\/pwkrzysztof.com.pl\/de\/angebot\/rasterdecken\/saturn-t-system\/\"]}]},{\"@type\":\"ImageObject\",\"inLanguage\":\"de\",\"@id\":\"https:\/\/pwkrzysztof.com.pl\/de\/angebot\/rasterdecken\/saturn-t-system\/#primaryimage\",\"url\":\"https:\/\/pwkrzysztof.com.pl\/wp-content\/uploads\/2019\/11\/ikona_pdf.png\",\"contentUrl\":\"https:\/\/pwkrzysztof.com.pl\/wp-content\/uploads\/2019\/11\/ikona_pdf.png\"},{\"@type\":\"BreadcrumbList\",\"@id\":\"https:\/\/pwkrzysztof.com.pl\/de\/angebot\/rasterdecken\/saturn-t-system\/#breadcrumb\",\"itemListElement\":[{\"@type\":\"ListItem\",\"position\":1,\"name\":\"Strona g\u0142\u00f3wna\",\"item\":\"https:\/\/pwkrzysztof.com.pl\/de\/\"},{\"@type\":\"ListItem\",\"position\":2,\"name\":\"Angebot\",\"item\":\"https:\/\/pwkrzysztof.com.pl\/de\/angebot\/\"},{\"@type\":\"ListItem\",\"position\":3,\"name\":\"Rasterdecken\",\"item\":\"https:\/\/pwkrzysztof.com.pl\/de\/angebot\/rasterdecken\/\"},{\"@type\":\"ListItem\",\"position\":4,\"name\":\"Saturn-T system\"}]},{\"@type\":\"WebSite\",\"@id\":\"https:\/\/pwkrzysztof.com.pl\/de\/#website\",\"url\":\"https:\/\/pwkrzysztof.com.pl\/de\/\",\"name\":\"PW KRZYSZTOF - Hersteller Aluminiumreflektoren f\u00fcr unterschiedlichste Arten von Leuchten, Aluminiumdecken, Aluminium-Komponenten, LED panele.\",\"description\":\"Die Firma PW KRZYSZTOF MILCARZ spezialisiert ist in der Herstellung von Raster-Lamellen und Aluminiumreflektoren f\u00fcr unterschiedlichste Arten von Leuchten, Aluminiumdecken, und Aluminium-Komponenten.\",\"potentialAction\":[{\"@type\":\"SearchAction\",\"target\":{\"@type\":\"EntryPoint\",\"urlTemplate\":\"https:\/\/pwkrzysztof.com.pl\/de\/?s={search_term_string}\"},\"query-input\":{\"@type\":\"PropertyValueSpecification\",\"valueRequired\":true,\"valueName\":\"search_term_string\"}}],\"inLanguage\":\"de\"}]}<\/script>\n<!-- \/ Yoast SEO plugin. -->","yoast_head_json":{"title":"Saturn-T system - PW KRZYSZTOF - Hersteller Aluminiumreflektoren f\u00fcr unterschiedlichste Arten von Leuchten, Aluminiumdecken, Aluminium-Komponenten, LED panele.","robots":{"index":"index","follow":"follow","max-snippet":"max-snippet:-1","max-image-preview":"max-image-preview:large","max-video-preview":"max-video-preview:-1"},"canonical":"https:\/\/pwkrzysztof.com.pl\/de\/angebot\/rasterdecken\/saturn-t-system\/","og_locale":"de_DE","og_type":"article","og_title":"Saturn-T system - PW KRZYSZTOF - Hersteller Aluminiumreflektoren f\u00fcr unterschiedlichste Arten von Leuchten, Aluminiumdecken, Aluminium-Komponenten, LED panele.","og_description":"system SATURN-T Aluminium Raster und Lamellendecken f\u00fcr abgeh\u00e4ngte Rasterdecken entworfen [&hellip;]","og_url":"https:\/\/pwkrzysztof.com.pl\/de\/angebot\/rasterdecken\/saturn-t-system\/","og_site_name":"PW KRZYSZTOF - Hersteller Aluminiumreflektoren f\u00fcr unterschiedlichste Arten von Leuchten, Aluminiumdecken, Aluminium-Komponenten, LED panele.","article_modified_time":"2020-02-02T19:28:26+00:00","og_image":[{"url":"https:\/\/pwkrzysztof.com.pl\/wp-content\/uploads\/2019\/11\/ikona_pdf.png","type":"","width":"","height":""}],"twitter_card":"summary_large_image","twitter_misc":{"Gesch\u00e4tzte Lesezeit":"1\u00a0Minute"},"schema":{"@context":"https:\/\/schema.org","@graph":[{"@type":"WebPage","@id":"https:\/\/pwkrzysztof.com.pl\/de\/angebot\/rasterdecken\/saturn-t-system\/","url":"https:\/\/pwkrzysztof.com.pl\/de\/angebot\/rasterdecken\/saturn-t-system\/","name":"Saturn-T system - PW KRZYSZTOF - Hersteller Aluminiumreflektoren f\u00fcr unterschiedlichste Arten von Leuchten, Aluminiumdecken, Aluminium-Komponenten, LED panele.","isPartOf":{"@id":"https:\/\/pwkrzysztof.com.pl\/de\/#website"},"primaryImageOfPage":{"@id":"https:\/\/pwkrzysztof.com.pl\/de\/angebot\/rasterdecken\/saturn-t-system\/#primaryimage"},"image":{"@id":"https:\/\/pwkrzysztof.com.pl\/de\/angebot\/rasterdecken\/saturn-t-system\/#primaryimage"},"thumbnailUrl":"https:\/\/pwkrzysztof.com.pl\/wp-content\/uploads\/2019\/11\/ikona_pdf.png","datePublished":"2019-11-26T05:43:41+00:00","dateModified":"2020-02-02T19:28:26+00:00","breadcrumb":{"@id":"https:\/\/pwkrzysztof.com.pl\/de\/angebot\/rasterdecken\/saturn-t-system\/#breadcrumb"},"inLanguage":"de","potentialAction":[{"@type":"ReadAction","target":["https:\/\/pwkrzysztof.com.pl\/de\/angebot\/rasterdecken\/saturn-t-system\/"]}]},{"@type":"ImageObject","inLanguage":"de","@id":"https:\/\/pwkrzysztof.com.pl\/de\/angebot\/rasterdecken\/saturn-t-system\/#primaryimage","url":"https:\/\/pwkrzysztof.com.pl\/wp-content\/uploads\/2019\/11\/ikona_pdf.png","contentUrl":"https:\/\/pwkrzysztof.com.pl\/wp-content\/uploads\/2019\/11\/ikona_pdf.png"},{"@type":"BreadcrumbList","@id":"https:\/\/pwkrzysztof.com.pl\/de\/angebot\/rasterdecken\/saturn-t-system\/#breadcrumb","itemListElement":[{"@type":"ListItem","position":1,"name":"Strona g\u0142\u00f3wna","item":"https:\/\/pwkrzysztof.com.pl\/de\/"},{"@type":"ListItem","position":2,"name":"Angebot","item":"https:\/\/pwkrzysztof.com.pl\/de\/angebot\/"},{"@type":"ListItem","position":3,"name":"Rasterdecken","item":"https:\/\/pwkrzysztof.com.pl\/de\/angebot\/rasterdecken\/"},{"@type":"ListItem","position":4,"name":"Saturn-T system"}]},{"@type":"WebSite","@id":"https:\/\/pwkrzysztof.com.pl\/de\/#website","url":"https:\/\/pwkrzysztof.com.pl\/de\/","name":"PW KRZYSZTOF - Hersteller Aluminiumreflektoren f\u00fcr unterschiedlichste Arten von Leuchten, Aluminiumdecken, Aluminium-Komponenten, LED panele.","description":"Die Firma PW KRZYSZTOF MILCARZ spezialisiert ist in der Herstellung von Raster-Lamellen und Aluminiumreflektoren f\u00fcr unterschiedlichste Arten von Leuchten, Aluminiumdecken, und Aluminium-Komponenten.","potentialAction":[{"@type":"SearchAction","target":{"@type":"EntryPoint","urlTemplate":"https:\/\/pwkrzysztof.com.pl\/de\/?s={search_term_string}"},"query-input":{"@type":"PropertyValueSpecification","valueRequired":true,"valueName":"search_term_string"}}],"inLanguage":"de"}]}},"_links":{"self":[{"href":"https:\/\/pwkrzysztof.com.pl\/de\/wp-json\/wp\/v2\/pages\/147","targetHints":{"allow":["GET"]}}],"collection":[{"href":"https:\/\/pwkrzysztof.com.pl\/de\/wp-json\/wp\/v2\/pages"}],"about":[{"href":"https:\/\/pwkrzysztof.com.pl\/de\/wp-json\/wp\/v2\/types\/page"}],"author":[{"embeddable":true,"href":"https:\/\/pwkrzysztof.com.pl\/de\/wp-json\/wp\/v2\/users\/1"}],"replies":[{"embeddable":true,"href":"https:\/\/pwkrzysztof.com.pl\/de\/wp-json\/wp\/v2\/comments?post=147"}],"version-history":[{"count":11,"href":"https:\/\/pwkrzysztof.com.pl\/de\/wp-json\/wp\/v2\/pages\/147\/revisions"}],"predecessor-version":[{"id":601,"href":"https:\/\/pwkrzysztof.com.pl\/de\/wp-json\/wp\/v2\/pages\/147\/revisions\/601"}],"up":[{"embeddable":true,"href":"https:\/\/pwkrzysztof.com.pl\/de\/wp-json\/wp\/v2\/pages\/143"}],"wp:attachment":[{"href":"https:\/\/pwkrzysztof.com.pl\/de\/wp-json\/wp\/v2\/media?parent=147"}],"curies":[{"name":"wp","href":"https:\/\/api.w.org\/{rel}","templated":true}]}}